{"id":617,"date":"2024-04-08T14:02:06","date_gmt":"2024-04-08T14:02:06","guid":{"rendered":"https:\/\/kreuzeckhaus.net\/?page_id=617"},"modified":"2025-12-07T13:43:09","modified_gmt":"2025-12-07T13:43:09","slug":"sommertouren","status":"publish","type":"page","link":"https:\/\/kreuzeckhaus.net\/index.php\/sommertouren\/","title":{"rendered":"Sommertouren"},"content":{"rendered":"\t\t<div data-elementor-type=\"wp-page\" data-elementor-id=\"617\" class=\"elementor elementor-617\">\n\t\t\t\t<div class=\"elementor-element elementor-element-c87c8ff e-con-full e-flex e-con e-parent\" data-id=\"c87c8ff\" data-element_type=\"container\" data-settings=\"{&quot;background_background&quot;:&quot;classic&quot;}\">\n\t\t\t\t<div class=\"elementor-element elementor-element-bd25057 elementor-widget elementor-widget-text-editor\" data-id=\"bd25057\" data-element_type=\"widget\" data-widget_type=\"text-editor.default\">\n\t\t\t\t<div class=\"elementor-widget-container\">\n\t\t\t\t\t\t\t<p class=\"font_0 wixui-rich-text__text\" style=\"text-align: center; font-size: 3em;\"><strong><span class=\"wixui-rich-text__text\" style=\"color: #ffffff;\">Bergerlebnisse im Sommer<\/span><\/strong><\/p>\t\t\t\t\t\t<\/div>\n\t\t\t\t<\/div>\n\t\t<div class=\"elementor-element elementor-element-fc6b7c4 e-con-full e-flex e-con e-child\" data-id=\"fc6b7c4\" data-element_type=\"container\" data-settings=\"{&quot;background_background&quot;:&quot;classic&quot;}\">\n\t\t\t\t<div class=\"elementor-element elementor-element-bd55a50 elementor-hidden-mobile elementor-hidden-tablet elementor-widget elementor-widget-text-editor\" data-id=\"bd55a50\" data-element_type=\"widget\" data-widget_type=\"text-editor.default\">\n\t\t\t\t<div class=\"elementor-widget-container\">\n\t\t\t\t\t\t\t<div id=\"comp-kxgjdgrp\" class=\"hFQZVn comp-kxgjdgrp\"><div class=\"nTiihL wixui-box\" data-testid=\"container-bg\">\u00a0<\/div><div class=\"\" data-mesh-id=\"comp-kxgjdgrpinlineContent\" data-testid=\"inline-content\"><div data-mesh-id=\"comp-kxgjdgrpinlineContent-gridContainer\" data-testid=\"mesh-container-content\"><div id=\"comp-kxgkakb2\" class=\"HcOXKn c9GqVL QxJLC3 comp-kxgkakb2 wixui-rich-text\" data-testid=\"richTextElement\"><h2 class=\"font_2 wixui-rich-text__text\" style=\"text-align: center;\"><span class=\"wixui-rich-text__text\" style=\"color: #000000;\">H\u00fcttenzustiege<\/span><\/h2><\/div><div id=\"comp-kxgk6zd5\" class=\"HcOXKn c9GqVL QxJLC3 comp-kxgk6zd5 wixui-rich-text\" data-testid=\"richTextElement\"><p class=\"font_8 wixui-rich-text__text\"><span class=\"wixui-rich-text__text\" style=\"color: #000000;\">Kreuzeck Talstation\u00a0 &#8211; Tr\u00f6glh\u00fctte. Gehzeit: 2,5 Stunden<\/span><\/p><p class=\"font_8 wixui-rich-text__text\"><span class=\"wixui-rich-text__text\" style=\"color: #000000;\">Hausberg Talstation &#8211; Bayernhaus &#8211; Garmischer Haus &#8211; Tr\u00f6glh\u00fctte. Gehzeit: 3 Stunden<\/span><\/p><p class=\"font_8 wixui-rich-text__text\"><span class=\"wixui-rich-text__text\" style=\"color: #000000;\">Skistadion &#8211; Partnachalm &#8211; Hoher Weg &#8211; Laubh\u00fctte &#8211;\u00a0 Bodenlaintal. Gehzeit: 3 Stunden<\/span><\/p><p class=\"font_8 wixui-rich-text__text\"><span class=\"wixui-rich-text__text\" style=\"color: #000000;\">Hammersbach &#8211; H\u00f6llentalangerh\u00fctte &#8211; Hupfleitenjoch. Gehzeit: 4,5 Stunden<\/span><\/p><p class=\"font_8 wixui-rich-text__text\"><span style=\"color: #000000;\"><span class=\"wixui-rich-text__text\">Hammersbach &#8211; J\u00e4gersteig. <\/span><span class=\"wixui-rich-text__text\">Gehzeit 2,5 Stunden<\/span><\/span><\/p><p class=\"font_8 wixui-rich-text__text\"><span class=\"wixGuard wixui-rich-text__text\" style=\"color: #000000;\">\u200b<\/span><\/p><p class=\"font_8 wixui-rich-text__text\"><span style=\"color: #000000;\">Das Kreuzeckhaus ist auch bequem mit der Kreuzeckbahn zu erreichen. Von der Bergstation der Kreuzeckbahn sind wir in einer Minute Fu\u00dfmarsch zu erreichen. Infos zu den Betriebszeiten und Bef\u00f6rderungsbedingungen der Kreuzeckbahn k\u00f6nnen Sie auf der Homepage der Bayerischen Zugspitzbahn finden (<span class=\"wixui-rich-text__text\"><a class=\"wixui-rich-text__text\" style=\"color: #000000;\" href=\"http:\/\/www.zugspitze.de\" target=\"_blank\" rel=\"noreferrer noopener\">www.zugspitze.de<\/a><\/span>).<\/span><\/p><\/div><\/div><\/div><\/div>\t\t\t\t\t\t<\/div>\n\t\t\t\t<\/div>\n\t\t\t\t<\/div>\n\t\t<div class=\"elementor-element elementor-element-a3c55a3 e-con-full e-flex e-con e-child\" data-id=\"a3c55a3\" data-element_type=\"container\" data-settings=\"{&quot;background_background&quot;:&quot;classic&quot;}\">\n\t\t\t\t<div class=\"elementor-element elementor-element-a1a0d3c elementor-hidden-mobile elementor-hidden-tablet elementor-widget elementor-widget-text-editor\" data-id=\"a1a0d3c\" data-element_type=\"widget\" data-widget_type=\"text-editor.default\">\n\t\t\t\t<div class=\"elementor-widget-container\">\n\t\t\t\t\t\t\t<div id=\"comp-kxgjdgrp\" class=\"hFQZVn comp-kxgjdgrp\"><div class=\"\" data-mesh-id=\"comp-kxkbk5yuinlineContent\" data-testid=\"inline-content\"><div data-mesh-id=\"comp-kxkbk5yuinlineContent-gridContainer\" data-testid=\"mesh-container-content\"><div id=\"comp-kxkbk60p\" class=\"HcOXKn c9GqVL QxJLC3 comp-kxkbk60p wixui-rich-text\" data-testid=\"richTextElement\"><h2 class=\"font_2 wixui-rich-text__text\" style=\"text-align: center;\"><span class=\"wixui-rich-text__text\" style=\"color: #000000;\">Tourentipps<\/span><\/h2><\/div><div id=\"comp-kxkbk612\" class=\"HcOXKn c9GqVL QxJLC3 comp-kxkbk612 wixui-rich-text\" data-testid=\"richTextElement\"><p class=\"font_2 wixui-rich-text__text\"><span class=\"wixui-rich-text__text\" style=\"color: #000000;\">Hupfleitenjoch &#8211; H\u00f6llentalangerh\u00fctte (1379 m). Gehzeit: 2 Stunden<\/span><\/p><p class=\"font_2 wixui-rich-text__text\"><span class=\"wixui-rich-text__text\" style=\"color: #000000;\">Stuibenh\u00fctte (1640 m). &#8211; im Sommer nicht bewirtschaftet &#8211;\u00a0Gehzeit: 1,5 Stunden<\/span><\/p><p class=\"font_2 wixui-rich-text__text\"><span class=\"wixui-rich-text__text\" style=\"color: #000000;\">Bockh\u00fctte &#8211; Reintalangerh\u00fctte (1366 m). Gehzeit: 3 &#8211; 4 Stunden<\/span><\/p><p class=\"font_2 wixui-rich-text__text\"><span class=\"wixui-rich-text__text\" style=\"color: #000000;\">Bockh\u00fctte &#8211; Reintalangerh\u00fctte &#8211; Knorrh\u00fctte &#8211; Zugspitze (2964 m). Gehzeit 8 &#8211; 10 Std.<\/span><\/p><p class=\"font_2 wixui-rich-text__text\"><span class=\"wixui-rich-text__text\" style=\"color: #000000;\">Oberreintalh\u00fctte (1525 m). Gehzeit: 4 &#8211; 5 Stunden<\/span><\/p><p class=\"font_2 wixui-rich-text__text\"><span class=\"wixui-rich-text__text\" style=\"color: #000000;\">Schachenhaus (1866 m). Gehzeit: 5 Stunden<\/span><\/p><p class=\"font_2 wixui-rich-text__text\"><span class=\"wixui-rich-text__text\" style=\"color: #000000;\">Alpspitze:(2620 m) Klettersteig B. \u00a0Gehzeit: 4 Stunden<\/span><\/p><p class=\"font_2 wixui-rich-text__text\"><span class=\"wixui-rich-text__text\" style=\"color: #000000;\">H\u00f6llentorkopf (2146 m). Gehzeit: 2 Stunden<\/span><\/p><p class=\"font_2 wixui-rich-text__text\"><span class=\"wixui-rich-text__text\" style=\"color: #000000;\">Hochblassen (2703 m). Gehzeit: 4 &#8211; 5 Stunden &#8211; UIAA II<\/span><\/p><p class=\"font_2 wixui-rich-text__text\"><span class=\"wixui-rich-text__text\" style=\"color: #000000;\">Blassengrat (2703 m). Gehzeit: 7 &#8211; 9 Std. &#8211; UIAA III<\/span><\/p><p class=\"font_2 wixui-rich-text__text\"><span class=\"wixui-rich-text__text\" style=\"color: #000000;\">Jubil\u00e4umsgrat. Gehzeit 7 &#8211; 9 Std.\u00a0 &#8211; UIAA III<\/span><\/p><p class=\"font_2 wixui-rich-text__text\"><span class=\"wixui-rich-text__text\" style=\"color: #000000;\">Mauerl\u00e4uferklettersteig D &#8211; E. Gehzeit 3 &#8211; 4 Std.<\/span><\/p><p class=\"font_2 wixui-rich-text__text\"><span class=\"wixui-rich-text__text\" style=\"color: #000000;\"><span class=\"wixGuard wixui-rich-text__text\">\u200b<\/span><\/span><\/p><p class=\"font_2 wixui-rich-text__text\"><span style=\"color: #000000;\"><span class=\"wixui-rich-text__text\">Weitere Tourentipps und Tourenbeschreibungen sind auf <\/span><span class=\"wixui-rich-text__text\"><a class=\"wixui-rich-text__text\" style=\"color: #000000;\" href=\"https:\/\/www.alpenvereinaktiv.com\/de\/bewirtschaftete-huette\/kreuzeckhaus\/7026227\/#dmdtab=oax-tab4&amp;oax-tab4\" target=\"_blank\" rel=\"noreferrer noopener\">alpenvereinaktiv.com<\/a><\/span><span class=\"wixui-rich-text__text\"> zu finden.<\/span><\/span><\/p><\/div><\/div><\/div><\/div>\t\t\t\t\t\t<\/div>\n\t\t\t\t<\/div>\n\t\t\t\t<\/div>\n\t\t\t\t<\/div>\n\t\t\t\t<\/div>\n\t\t","protected":false},"excerpt":{"rendered":"<p>Bergerlebnisse im Sommer \u00a0 H\u00fcttenzustiege Kreuzeck Talstation\u00a0 &#8211; Tr\u00f6glh\u00fctte. Gehzeit: 2,5 Stunden Hausberg Talstation &#8211; Bayernhaus &#8211; Garmischer Haus &#8211; Tr\u00f6glh\u00fctte. Gehzeit: 3 Stunden Skistadion &#8211; Partnachalm &#8211; Hoher Weg &#8211; Laubh\u00fctte &#8211;\u00a0 Bodenlaintal. Gehzeit: 3 Stunden Hammersbach &#8211; H\u00f6llentalangerh\u00fctte &#8211; Hupfleitenjoch. Gehzeit: 4,5 Stunden Hammersbach &#8211; J\u00e4gersteig. Gehzeit 2,5 Stunden \u200b Das Kreuzeckhaus ist [&hellip;]<\/p>\n","protected":false},"author":1,"featured_media":0,"parent":0,"menu_order":0,"comment_status":"closed","ping_status":"closed","template":"","meta":{"footnotes":""},"class_list":["post-617","page","type-page","status-publish","hentry"],"yoast_head":"<!-- This site is optimized with the Yoast SEO plugin v23.7 - https:\/\/yoast.com\/wordpress\/plugins\/seo\/ -->\n<title>Sommertouren &#8226; Kreuzeckhaus<\/title>\n<meta name=\"description\" content=\"Sommertouren\" \/>\n<meta name=\"robots\" content=\"index, follow, max-snippet:-1, max-image-preview:large, max-video-preview:-1\" \/>\n<link rel=\"canonical\" href=\"https:\/\/kreuzeckhaus.net\/index.php\/sommertouren\/\" \/>\n<meta property=\"og:locale\" content=\"de_DE\" \/>\n<meta property=\"og:type\" content=\"article\" \/>\n<meta property=\"og:title\" content=\"Sommertouren &#8226; Kreuzeckhaus\" \/>\n<meta property=\"og:description\" content=\"Sommertouren\" \/>\n<meta property=\"og:url\" content=\"https:\/\/kreuzeckhaus.net\/index.php\/sommertouren\/\" \/>\n<meta property=\"og:site_name\" content=\"Kreuzeckhaus\" \/>\n<meta property=\"article:publisher\" content=\"https:\/\/www.facebook.com\/Kreuzeckhaus\" \/>\n<meta property=\"article:modified_time\" content=\"2025-12-07T13:43:09+00:00\" \/>\n<meta property=\"og:image\" content=\"https:\/\/kreuzeckhaus.net\/wp-content\/uploads\/2024\/03\/Hintergrund.jpg\" \/>\n\t<meta property=\"og:image:width\" content=\"1731\" \/>\n\t<meta property=\"og:image:height\" content=\"974\" \/>\n\t<meta property=\"og:image:type\" content=\"image\/jpeg\" \/>\n<meta name=\"twitter:card\" content=\"summary_large_image\" \/>\n<meta name=\"twitter:label1\" content=\"Gesch\u00e4tzte Lesezeit\" \/>\n\t<meta name=\"twitter:data1\" content=\"2\u00a0Minuten\" \/>\n<script type=\"application\/ld+json\" class=\"yoast-schema-graph\">{\"@context\":\"https:\/\/schema.org\",\"@graph\":[{\"@type\":\"WebPage\",\"@id\":\"https:\/\/kreuzeckhaus.net\/index.php\/sommertouren\/\",\"url\":\"https:\/\/kreuzeckhaus.net\/index.php\/sommertouren\/\",\"name\":\"Sommertouren &#8226; Kreuzeckhaus\",\"isPartOf\":{\"@id\":\"https:\/\/kreuzeckhaus.net\/#website\"},\"datePublished\":\"2024-04-08T14:02:06+00:00\",\"dateModified\":\"2025-12-07T13:43:09+00:00\",\"description\":\"Sommertouren\",\"breadcrumb\":{\"@id\":\"https:\/\/kreuzeckhaus.net\/index.php\/sommertouren\/#breadcrumb\"},\"inLanguage\":\"de\",\"potentialAction\":[{\"@type\":\"ReadAction\",\"target\":[\"https:\/\/kreuzeckhaus.net\/index.php\/sommertouren\/\"]}]},{\"@type\":\"BreadcrumbList\",\"@id\":\"https:\/\/kreuzeckhaus.net\/index.php\/sommertouren\/#breadcrumb\",\"itemListElement\":[{\"@type\":\"ListItem\",\"position\":1,\"name\":\"Startseite\",\"item\":\"https:\/\/kreuzeckhaus.net\/\"},{\"@type\":\"ListItem\",\"position\":2,\"name\":\"Sommertouren\"}]},{\"@type\":\"WebSite\",\"@id\":\"https:\/\/kreuzeckhaus.net\/#website\",\"url\":\"https:\/\/kreuzeckhaus.net\/\",\"name\":\"Kreuzeckhaus\",\"description\":\"Alles rund um das Kreuzeckhaus\",\"publisher\":{\"@id\":\"https:\/\/kreuzeckhaus.net\/#organization\"},\"alternateName\":\"Kreuzeckhaus\",\"potentialAction\":[{\"@type\":\"SearchAction\",\"target\":{\"@type\":\"EntryPoint\",\"urlTemplate\":\"https:\/\/kreuzeckhaus.net\/?s={search_term_string}\"},\"query-input\":{\"@type\":\"PropertyValueSpecification\",\"valueRequired\":true,\"valueName\":\"search_term_string\"}}],\"inLanguage\":\"de\"},{\"@type\":\"Organization\",\"@id\":\"https:\/\/kreuzeckhaus.net\/#organization\",\"name\":\"Kreuzeckhaus\",\"alternateName\":\"Kreuzeckhaus\",\"url\":\"https:\/\/kreuzeckhaus.net\/\",\"logo\":{\"@type\":\"ImageObject\",\"inLanguage\":\"de\",\"@id\":\"https:\/\/kreuzeckhaus.net\/#\/schema\/logo\/image\/\",\"url\":\"https:\/\/kreuzeckhaus.net\/wp-content\/uploads\/2024\/04\/cropped-Logo-Kreuzeckhaus.png\",\"contentUrl\":\"https:\/\/kreuzeckhaus.net\/wp-content\/uploads\/2024\/04\/cropped-Logo-Kreuzeckhaus.png\",\"width\":214,\"height\":100,\"caption\":\"Kreuzeckhaus\"},\"image\":{\"@id\":\"https:\/\/kreuzeckhaus.net\/#\/schema\/logo\/image\/\"},\"sameAs\":[\"https:\/\/www.facebook.com\/Kreuzeckhaus\"]}]}<\/script>\n<!-- \/ Yoast SEO plugin. -->","yoast_head_json":{"title":"Sommertouren &#8226; Kreuzeckhaus","description":"Sommertouren","robots":{"index":"index","follow":"follow","max-snippet":"max-snippet:-1","max-image-preview":"max-image-preview:large","max-video-preview":"max-video-preview:-1"},"canonical":"https:\/\/kreuzeckhaus.net\/index.php\/sommertouren\/","og_locale":"de_DE","og_type":"article","og_title":"Sommertouren &#8226; Kreuzeckhaus","og_description":"Sommertouren","og_url":"https:\/\/kreuzeckhaus.net\/index.php\/sommertouren\/","og_site_name":"Kreuzeckhaus","article_publisher":"https:\/\/www.facebook.com\/Kreuzeckhaus","article_modified_time":"2025-12-07T13:43:09+00:00","og_image":[{"width":1731,"height":974,"url":"https:\/\/kreuzeckhaus.net\/wp-content\/uploads\/2024\/03\/Hintergrund.jpg","type":"image\/jpeg"}],"twitter_card":"summary_large_image","twitter_misc":{"Gesch\u00e4tzte Lesezeit":"2\u00a0Minuten"},"schema":{"@context":"https:\/\/schema.org","@graph":[{"@type":"WebPage","@id":"https:\/\/kreuzeckhaus.net\/index.php\/sommertouren\/","url":"https:\/\/kreuzeckhaus.net\/index.php\/sommertouren\/","name":"Sommertouren &#8226; Kreuzeckhaus","isPartOf":{"@id":"https:\/\/kreuzeckhaus.net\/#website"},"datePublished":"2024-04-08T14:02:06+00:00","dateModified":"2025-12-07T13:43:09+00:00","description":"Sommertouren","breadcrumb":{"@id":"https:\/\/kreuzeckhaus.net\/index.php\/sommertouren\/#breadcrumb"},"inLanguage":"de","potentialAction":[{"@type":"ReadAction","target":["https:\/\/kreuzeckhaus.net\/index.php\/sommertouren\/"]}]},{"@type":"BreadcrumbList","@id":"https:\/\/kreuzeckhaus.net\/index.php\/sommertouren\/#breadcrumb","itemListElement":[{"@type":"ListItem","position":1,"name":"Startseite","item":"https:\/\/kreuzeckhaus.net\/"},{"@type":"ListItem","position":2,"name":"Sommertouren"}]},{"@type":"WebSite","@id":"https:\/\/kreuzeckhaus.net\/#website","url":"https:\/\/kreuzeckhaus.net\/","name":"Kreuzeckhaus","description":"Alles rund um das Kreuzeckhaus","publisher":{"@id":"https:\/\/kreuzeckhaus.net\/#organization"},"alternateName":"Kreuzeckhaus","potentialAction":[{"@type":"SearchAction","target":{"@type":"EntryPoint","urlTemplate":"https:\/\/kreuzeckhaus.net\/?s={search_term_string}"},"query-input":{"@type":"PropertyValueSpecification","valueRequired":true,"valueName":"search_term_string"}}],"inLanguage":"de"},{"@type":"Organization","@id":"https:\/\/kreuzeckhaus.net\/#organization","name":"Kreuzeckhaus","alternateName":"Kreuzeckhaus","url":"https:\/\/kreuzeckhaus.net\/","logo":{"@type":"ImageObject","inLanguage":"de","@id":"https:\/\/kreuzeckhaus.net\/#\/schema\/logo\/image\/","url":"https:\/\/kreuzeckhaus.net\/wp-content\/uploads\/2024\/04\/cropped-Logo-Kreuzeckhaus.png","contentUrl":"https:\/\/kreuzeckhaus.net\/wp-content\/uploads\/2024\/04\/cropped-Logo-Kreuzeckhaus.png","width":214,"height":100,"caption":"Kreuzeckhaus"},"image":{"@id":"https:\/\/kreuzeckhaus.net\/#\/schema\/logo\/image\/"},"sameAs":["https:\/\/www.facebook.com\/Kreuzeckhaus"]}]}},"_links":{"self":[{"href":"https:\/\/kreuzeckhaus.net\/index.php\/wp-json\/wp\/v2\/pages\/617","targetHints":{"allow":["GET"]}}],"collection":[{"href":"https:\/\/kreuzeckhaus.net\/index.php\/wp-json\/wp\/v2\/pages"}],"about":[{"href":"https:\/\/kreuzeckhaus.net\/index.php\/wp-json\/wp\/v2\/types\/page"}],"author":[{"embeddable":true,"href":"https:\/\/kreuzeckhaus.net\/index.php\/wp-json\/wp\/v2\/users\/1"}],"replies":[{"embeddable":true,"href":"https:\/\/kreuzeckhaus.net\/index.php\/wp-json\/wp\/v2\/comments?post=617"}],"version-history":[{"count":40,"href":"https:\/\/kreuzeckhaus.net\/index.php\/wp-json\/wp\/v2\/pages\/617\/revisions"}],"predecessor-version":[{"id":1348,"href":"https:\/\/kreuzeckhaus.net\/index.php\/wp-json\/wp\/v2\/pages\/617\/revisions\/1348"}],"wp:attachment":[{"href":"https:\/\/kreuzeckhaus.net\/index.php\/wp-json\/wp\/v2\/media?parent=617"}],"curies":[{"name":"wp","href":"https:\/\/api.w.org\/{rel}","templated":true}]}}