{"id":638,"date":"2024-04-08T14:13:49","date_gmt":"2024-04-08T14:13:49","guid":{"rendered":"https:\/\/kreuzeckhaus.net\/?page_id=638"},"modified":"2024-04-08T16:40:19","modified_gmt":"2024-04-08T16:40:19","slug":"wintertouren","status":"publish","type":"page","link":"https:\/\/kreuzeckhaus.net\/index.php\/wintertouren\/","title":{"rendered":"Wintertouren"},"content":{"rendered":"\t\t<div data-elementor-type=\"wp-page\" data-elementor-id=\"638\" class=\"elementor elementor-638\">\n\t\t\t\t<div class=\"elementor-element elementor-element-0419d54 e-con-full e-flex e-con e-parent\" data-id=\"0419d54\" data-element_type=\"container\" data-settings=\"{&quot;background_background&quot;:&quot;classic&quot;}\">\n\t\t\t\t<div class=\"elementor-element elementor-element-5c3fa99 elementor-widget elementor-widget-text-editor\" data-id=\"5c3fa99\" data-element_type=\"widget\" data-widget_type=\"text-editor.default\">\n\t\t\t\t<div class=\"elementor-widget-container\">\n\t\t\t\t\t\t\t<p class=\"font_0 wixui-rich-text__text\" style=\"text-align: center; font-size: 3em;\"><strong><span class=\"wixui-rich-text__text\" style=\"color: #ffffff;\">Bergerlebnisse im Winter<\/span><\/strong><\/p>\t\t\t\t\t\t<\/div>\n\t\t\t\t<\/div>\n\t\t<div class=\"elementor-element elementor-element-ee62fb8 e-flex e-con-boxed e-con e-child\" data-id=\"ee62fb8\" data-element_type=\"container\" data-settings=\"{&quot;background_background&quot;:&quot;classic&quot;}\">\n\t\t\t\t\t<div class=\"e-con-inner\">\n\t\t\t\t<div class=\"elementor-element elementor-element-48f26c1 elementor-widget elementor-widget-text-editor\" data-id=\"48f26c1\" data-element_type=\"widget\" data-widget_type=\"text-editor.default\">\n\t\t\t\t<div class=\"elementor-widget-container\">\n\t\t\t\t\t\t\t<div class=\"\" data-mesh-id=\"comp-kxke0dn7inlineContent\" data-testid=\"inline-content\"><div data-mesh-id=\"comp-kxke0dn7inlineContent-gridContainer\" data-testid=\"mesh-container-content\"><div id=\"comp-kxke0dng\" class=\"HcOXKn c9GqVL QxJLC3 comp-kxke0dng wixui-rich-text\" data-testid=\"richTextElement\"><h2 class=\"font_2 wixui-rich-text__text\" style=\"text-align: center;\"><span class=\"wixui-rich-text__text\">H\u00fcttenzustiege<\/span><\/h2><\/div><div id=\"comp-kxke0dnn\" class=\"HcOXKn c9GqVL QxJLC3 comp-kxke0dnn wixui-rich-text\" data-testid=\"richTextElement\"><p class=\"font_8 wixui-rich-text__text\"><span class=\"wixui-rich-text__text\">F\u00fcr \u200bSkitourengeher gibt eine offizielle Aufstiegsroute entlang der Skispisten. Infos und \u00d6ffnungszeiten der Aufstiegsroute findet ihr <a class=\"wixui-rich-text__text\" href=\"https:\/\/zugspitze.de\/de\/Garmisch-Classic\/Winter\/Pistentouren\" target=\"_blank\" rel=\"noreferrer noopener\">hier.<\/a>\u00a0<\/span><\/p><p class=\"font_8 wixui-rich-text__text\"><span class=\"wixui-rich-text__text\"><span class=\"wixGuard wixui-rich-text__text\">\u200b<\/span><\/span><\/p><p class=\"font_8 wixui-rich-text__text\"><span class=\"wixui-rich-text__text\">Das Kreuzeckhaus ist auch bequem mit der Kreuzeckbahn zu erreichen. Von der Bergstation der Kreuzeckbahn sind wir in einer Minute Fu\u00dfmarsch zu erreichen. Infos zu den Betriebszeiten und Bef\u00f6rderungsbedingungen der Kreuzeckbahn k\u00f6nnen Sie auf der Homepage der Bayerischen Zugspitzbahn finden (<a class=\"wixui-rich-text__text\" href=\"http:\/\/www.zugspitze.de\" target=\"_blank\" rel=\"noreferrer noopener\">www.zugspitze.de<\/a>).<\/span><\/p><\/div><\/div><\/div>\t\t\t\t\t\t<\/div>\n\t\t\t\t<\/div>\n\t\t\t\t\t<\/div>\n\t\t\t\t<\/div>\n\t\t<div class=\"elementor-element elementor-element-1c595dc e-flex e-con-boxed e-con e-child\" data-id=\"1c595dc\" data-element_type=\"container\" data-settings=\"{&quot;background_background&quot;:&quot;classic&quot;}\">\n\t\t\t\t\t<div class=\"e-con-inner\">\n\t\t\t\t<div class=\"elementor-element elementor-element-9f2a542 elementor-widget elementor-widget-text-editor\" data-id=\"9f2a542\" data-element_type=\"widget\" data-widget_type=\"text-editor.default\">\n\t\t\t\t<div class=\"elementor-widget-container\">\n\t\t\t\t\t\t\t<div class=\"\" data-mesh-id=\"comp-kxke0dn7inlineContent\" data-testid=\"inline-content\"><div data-mesh-id=\"comp-kxke0dn7inlineContent-gridContainer\" data-testid=\"mesh-container-content\"><div class=\"\" data-mesh-id=\"comp-kxke0do0inlineContent\" data-testid=\"inline-content\"><div data-mesh-id=\"comp-kxke0do0inlineContent-gridContainer\" data-testid=\"mesh-container-content\"><div id=\"comp-kxke0do7\" class=\"HcOXKn c9GqVL QxJLC3 comp-kxke0do7 wixui-rich-text\" data-testid=\"richTextElement\"><h2 class=\"font_2 wixui-rich-text__text\" style=\"text-align: center;\"><span class=\"wixui-rich-text__text\">Tourentipps<\/span><\/h2><\/div><div id=\"comp-kxke0dod\" class=\"HcOXKn c9GqVL QxJLC3 comp-kxke0dod wixui-rich-text\" data-testid=\"richTextElement\"><p class=\"font_2 wixui-rich-text__text\"><strong>Skitouren f\u00fcr Profis<\/strong><\/p><ul class=\"font_8 wixui-rich-text__text\"><li class=\"wixui-rich-text__text\"><p class=\"font_2 wixui-rich-text__text\"><span class=\"wixui-rich-text__text\">Alpspitze 2628 m<\/span><\/p><ul class=\"wixui-rich-text__text\"><li class=\"wixui-rich-text__text\"><p class=\"font_2 wixui-rich-text__text\"><span class=\"wixui-rich-text__text\">via Bernadeinkopf &#8211; Ostgrad.\u00a0<\/span><\/p><\/li><li class=\"wixui-rich-text__text\"><p class=\"font_2 wixui-rich-text__text\"><span class=\"wixui-rich-text__text\">via <\/span><span class=\"wixui-rich-text__text\">Nordwand &#8211; Ferrata.<\/span><\/p><\/li><\/ul><\/li><li class=\"wixui-rich-text__text\"><p class=\"font_2 wixui-rich-text__text\"><span class=\"wixui-rich-text__text\">Bernadeinkopf 2143 m<\/span><\/p><\/li><li class=\"wixui-rich-text__text\"><p class=\"font_2 wixui-rich-text__text\"><span class=\"wixui-rich-text__text\">Grieskarscharte 2463 m<\/span><\/p><\/li><\/ul><p class=\"font_2 wixui-rich-text__text\"><strong><span class=\"wixui-rich-text__text\">Leichte Skitouren<\/span><\/strong><\/p><ul class=\"font_2 wixui-rich-text__text\"><li class=\"wixui-rich-text__text\"><p class=\"font_2 wixui-rich-text__text\"><span class=\"wixui-rich-text__text\">Stuibenspitze <\/span><span class=\"wixui-rich-text__text\">1908 m<\/span><span class=\"wixui-rich-text__text\"> &amp; Stuibenkopf <\/span><span class=\"wixui-rich-text__text\">1924 m<\/span><\/p><\/li><li class=\"wixui-rich-text__text\"><p class=\"font_2 wixui-rich-text__text\"><span class=\"wixui-rich-text__text\">L\u00e4ngenfelderkopf 1910 m<\/span><\/p><\/li><\/ul><p class=\"font_2 wixui-rich-text__text\"><span class=\"wixui-rich-text__text\">Weitere Tourentipps und Tourenbeschreibungen sind auf <a class=\"wixui-rich-text__text\" href=\"https:\/\/www.alpenvereinaktiv.com\/de\/bewirtschaftete-huette\/kreuzeckhaus\/7026227\/#dmdtab=oax-tab4&amp;oax-tab4\" target=\"_blank\" rel=\"noreferrer noopener\">alpenvereinaktiv.com<\/a> zu finden.<\/span><\/p><\/div><\/div><\/div><\/div><\/div>\t\t\t\t\t\t<\/div>\n\t\t\t\t<\/div>\n\t\t\t\t\t<\/div>\n\t\t\t\t<\/div>\n\t\t\t\t<\/div>\n\t\t\t\t<\/div>\n\t\t","protected":false},"excerpt":{"rendered":"<p>Bergerlebnisse im Winter H\u00fcttenzustiege F\u00fcr \u200bSkitourengeher gibt eine offizielle Aufstiegsroute entlang der Skispisten. Infos und \u00d6ffnungszeiten der Aufstiegsroute findet ihr hier.\u00a0 \u200b Das Kreuzeckhaus ist auch bequem mit der Kreuzeckbahn zu erreichen. Von der Bergstation der Kreuzeckbahn sind wir in einer Minute Fu\u00dfmarsch zu erreichen. Infos zu den Betriebszeiten und Bef\u00f6rderungsbedingungen der Kreuzeckbahn k\u00f6nnen Sie [&hellip;]<\/p>\n","protected":false},"author":1,"featured_media":0,"parent":0,"menu_order":0,"comment_status":"closed","ping_status":"closed","template":"","meta":{"footnotes":""},"class_list":["post-638","page","type-page","status-publish","hentry"],"yoast_head":"<!-- This site is optimized with the Yoast SEO plugin v23.7 - https:\/\/yoast.com\/wordpress\/plugins\/seo\/ -->\n<title>Wintertouren &#8226; Kreuzeckhaus<\/title>\n<meta name=\"description\" content=\"Wintertouren\" \/>\n<meta name=\"robots\" content=\"index, follow, max-snippet:-1, max-image-preview:large, max-video-preview:-1\" \/>\n<link rel=\"canonical\" href=\"https:\/\/kreuzeckhaus.net\/index.php\/wintertouren\/\" \/>\n<meta property=\"og:locale\" content=\"de_DE\" \/>\n<meta property=\"og:type\" content=\"article\" \/>\n<meta property=\"og:title\" content=\"Wintertouren &#8226; Kreuzeckhaus\" \/>\n<meta property=\"og:description\" content=\"Wintertouren\" \/>\n<meta property=\"og:url\" content=\"https:\/\/kreuzeckhaus.net\/index.php\/wintertouren\/\" \/>\n<meta property=\"og:site_name\" content=\"Kreuzeckhaus\" \/>\n<meta property=\"article:publisher\" content=\"https:\/\/www.facebook.com\/Kreuzeckhaus\" \/>\n<meta property=\"article:modified_time\" content=\"2024-04-08T16:40:19+00:00\" \/>\n<meta property=\"og:image\" content=\"https:\/\/kreuzeckhaus.net\/wp-content\/uploads\/2024\/03\/Hintergrund.jpg\" \/>\n\t<meta property=\"og:image:width\" content=\"1731\" \/>\n\t<meta property=\"og:image:height\" content=\"974\" \/>\n\t<meta property=\"og:image:type\" content=\"image\/jpeg\" \/>\n<meta name=\"twitter:card\" content=\"summary_large_image\" \/>\n<meta name=\"twitter:label1\" content=\"Gesch\u00e4tzte Lesezeit\" \/>\n\t<meta name=\"twitter:data1\" content=\"1\u00a0Minute\" \/>\n<script type=\"application\/ld+json\" class=\"yoast-schema-graph\">{\"@context\":\"https:\/\/schema.org\",\"@graph\":[{\"@type\":\"WebPage\",\"@id\":\"https:\/\/kreuzeckhaus.net\/index.php\/wintertouren\/\",\"url\":\"https:\/\/kreuzeckhaus.net\/index.php\/wintertouren\/\",\"name\":\"Wintertouren &#8226; Kreuzeckhaus\",\"isPartOf\":{\"@id\":\"https:\/\/kreuzeckhaus.net\/#website\"},\"datePublished\":\"2024-04-08T14:13:49+00:00\",\"dateModified\":\"2024-04-08T16:40:19+00:00\",\"description\":\"Wintertouren\",\"breadcrumb\":{\"@id\":\"https:\/\/kreuzeckhaus.net\/index.php\/wintertouren\/#breadcrumb\"},\"inLanguage\":\"de\",\"potentialAction\":[{\"@type\":\"ReadAction\",\"target\":[\"https:\/\/kreuzeckhaus.net\/index.php\/wintertouren\/\"]}]},{\"@type\":\"BreadcrumbList\",\"@id\":\"https:\/\/kreuzeckhaus.net\/index.php\/wintertouren\/#breadcrumb\",\"itemListElement\":[{\"@type\":\"ListItem\",\"position\":1,\"name\":\"Startseite\",\"item\":\"https:\/\/kreuzeckhaus.net\/\"},{\"@type\":\"ListItem\",\"position\":2,\"name\":\"Wintertouren\"}]},{\"@type\":\"WebSite\",\"@id\":\"https:\/\/kreuzeckhaus.net\/#website\",\"url\":\"https:\/\/kreuzeckhaus.net\/\",\"name\":\"Kreuzeckhaus\",\"description\":\"Alles rund um das Kreuzeckhaus\",\"publisher\":{\"@id\":\"https:\/\/kreuzeckhaus.net\/#organization\"},\"alternateName\":\"Kreuzeckhaus\",\"potentialAction\":[{\"@type\":\"SearchAction\",\"target\":{\"@type\":\"EntryPoint\",\"urlTemplate\":\"https:\/\/kreuzeckhaus.net\/?s={search_term_string}\"},\"query-input\":{\"@type\":\"PropertyValueSpecification\",\"valueRequired\":true,\"valueName\":\"search_term_string\"}}],\"inLanguage\":\"de\"},{\"@type\":\"Organization\",\"@id\":\"https:\/\/kreuzeckhaus.net\/#organization\",\"name\":\"Kreuzeckhaus\",\"alternateName\":\"Kreuzeckhaus\",\"url\":\"https:\/\/kreuzeckhaus.net\/\",\"logo\":{\"@type\":\"ImageObject\",\"inLanguage\":\"de\",\"@id\":\"https:\/\/kreuzeckhaus.net\/#\/schema\/logo\/image\/\",\"url\":\"https:\/\/kreuzeckhaus.net\/wp-content\/uploads\/2024\/04\/cropped-Logo-Kreuzeckhaus.png\",\"contentUrl\":\"https:\/\/kreuzeckhaus.net\/wp-content\/uploads\/2024\/04\/cropped-Logo-Kreuzeckhaus.png\",\"width\":214,\"height\":100,\"caption\":\"Kreuzeckhaus\"},\"image\":{\"@id\":\"https:\/\/kreuzeckhaus.net\/#\/schema\/logo\/image\/\"},\"sameAs\":[\"https:\/\/www.facebook.com\/Kreuzeckhaus\"]}]}<\/script>\n<!-- \/ Yoast SEO plugin. -->","yoast_head_json":{"title":"Wintertouren &#8226; Kreuzeckhaus","description":"Wintertouren","robots":{"index":"index","follow":"follow","max-snippet":"max-snippet:-1","max-image-preview":"max-image-preview:large","max-video-preview":"max-video-preview:-1"},"canonical":"https:\/\/kreuzeckhaus.net\/index.php\/wintertouren\/","og_locale":"de_DE","og_type":"article","og_title":"Wintertouren &#8226; Kreuzeckhaus","og_description":"Wintertouren","og_url":"https:\/\/kreuzeckhaus.net\/index.php\/wintertouren\/","og_site_name":"Kreuzeckhaus","article_publisher":"https:\/\/www.facebook.com\/Kreuzeckhaus","article_modified_time":"2024-04-08T16:40:19+00:00","og_image":[{"width":1731,"height":974,"url":"https:\/\/kreuzeckhaus.net\/wp-content\/uploads\/2024\/03\/Hintergrund.jpg","type":"image\/jpeg"}],"twitter_card":"summary_large_image","twitter_misc":{"Gesch\u00e4tzte Lesezeit":"1\u00a0Minute"},"schema":{"@context":"https:\/\/schema.org","@graph":[{"@type":"WebPage","@id":"https:\/\/kreuzeckhaus.net\/index.php\/wintertouren\/","url":"https:\/\/kreuzeckhaus.net\/index.php\/wintertouren\/","name":"Wintertouren &#8226; Kreuzeckhaus","isPartOf":{"@id":"https:\/\/kreuzeckhaus.net\/#website"},"datePublished":"2024-04-08T14:13:49+00:00","dateModified":"2024-04-08T16:40:19+00:00","description":"Wintertouren","breadcrumb":{"@id":"https:\/\/kreuzeckhaus.net\/index.php\/wintertouren\/#breadcrumb"},"inLanguage":"de","potentialAction":[{"@type":"ReadAction","target":["https:\/\/kreuzeckhaus.net\/index.php\/wintertouren\/"]}]},{"@type":"BreadcrumbList","@id":"https:\/\/kreuzeckhaus.net\/index.php\/wintertouren\/#breadcrumb","itemListElement":[{"@type":"ListItem","position":1,"name":"Startseite","item":"https:\/\/kreuzeckhaus.net\/"},{"@type":"ListItem","position":2,"name":"Wintertouren"}]},{"@type":"WebSite","@id":"https:\/\/kreuzeckhaus.net\/#website","url":"https:\/\/kreuzeckhaus.net\/","name":"Kreuzeckhaus","description":"Alles rund um das Kreuzeckhaus","publisher":{"@id":"https:\/\/kreuzeckhaus.net\/#organization"},"alternateName":"Kreuzeckhaus","potentialAction":[{"@type":"SearchAction","target":{"@type":"EntryPoint","urlTemplate":"https:\/\/kreuzeckhaus.net\/?s={search_term_string}"},"query-input":{"@type":"PropertyValueSpecification","valueRequired":true,"valueName":"search_term_string"}}],"inLanguage":"de"},{"@type":"Organization","@id":"https:\/\/kreuzeckhaus.net\/#organization","name":"Kreuzeckhaus","alternateName":"Kreuzeckhaus","url":"https:\/\/kreuzeckhaus.net\/","logo":{"@type":"ImageObject","inLanguage":"de","@id":"https:\/\/kreuzeckhaus.net\/#\/schema\/logo\/image\/","url":"https:\/\/kreuzeckhaus.net\/wp-content\/uploads\/2024\/04\/cropped-Logo-Kreuzeckhaus.png","contentUrl":"https:\/\/kreuzeckhaus.net\/wp-content\/uploads\/2024\/04\/cropped-Logo-Kreuzeckhaus.png","width":214,"height":100,"caption":"Kreuzeckhaus"},"image":{"@id":"https:\/\/kreuzeckhaus.net\/#\/schema\/logo\/image\/"},"sameAs":["https:\/\/www.facebook.com\/Kreuzeckhaus"]}]}},"_links":{"self":[{"href":"https:\/\/kreuzeckhaus.net\/index.php\/wp-json\/wp\/v2\/pages\/638","targetHints":{"allow":["GET"]}}],"collection":[{"href":"https:\/\/kreuzeckhaus.net\/index.php\/wp-json\/wp\/v2\/pages"}],"about":[{"href":"https:\/\/kreuzeckhaus.net\/index.php\/wp-json\/wp\/v2\/types\/page"}],"author":[{"embeddable":true,"href":"https:\/\/kreuzeckhaus.net\/index.php\/wp-json\/wp\/v2\/users\/1"}],"replies":[{"embeddable":true,"href":"https:\/\/kreuzeckhaus.net\/index.php\/wp-json\/wp\/v2\/comments?post=638"}],"version-history":[{"count":22,"href":"https:\/\/kreuzeckhaus.net\/index.php\/wp-json\/wp\/v2\/pages\/638\/revisions"}],"predecessor-version":[{"id":742,"href":"https:\/\/kreuzeckhaus.net\/index.php\/wp-json\/wp\/v2\/pages\/638\/revisions\/742"}],"wp:attachment":[{"href":"https:\/\/kreuzeckhaus.net\/index.php\/wp-json\/wp\/v2\/media?parent=638"}],"curies":[{"name":"wp","href":"https:\/\/api.w.org\/{rel}","templated":true}]}}