{"id":77,"date":"2024-03-09T14:37:42","date_gmt":"2024-03-09T14:37:42","guid":{"rendered":"https:\/\/fusion94.de\/wordpress\/?page_id=77"},"modified":"2026-01-01T15:57:03","modified_gmt":"2026-01-01T15:57:03","slug":"uebernachten","status":"publish","type":"page","link":"https:\/\/kreuzeckhaus.net\/index.php\/uebernachten\/","title":{"rendered":"\u00dcbernachten"},"content":{"rendered":"\t\t<div data-elementor-type=\"wp-page\" data-elementor-id=\"77\" class=\"elementor elementor-77\">\n\t\t\t\t<div class=\"elementor-element elementor-element-43d8114 e-flex e-con-boxed e-con e-parent\" data-id=\"43d8114\" data-element_type=\"container\">\n\t\t\t\t\t<div class=\"e-con-inner\">\n\t\t\t\t<div class=\"elementor-element elementor-element-1241876 elementor-widget elementor-widget-heading\" data-id=\"1241876\" data-element_type=\"widget\" data-widget_type=\"heading.default\">\n\t\t\t\t<div class=\"elementor-widget-container\">\n\t\t\t<h2 class=\"elementor-heading-title elementor-size-default\">\u00dcbernachten auf dem Kreuzeckhaus<\/h2>\t\t<\/div>\n\t\t\t\t<\/div>\n\t\t\t\t<div class=\"elementor-element elementor-element-c50d3d3 elementor-widget elementor-widget-spacer\" data-id=\"c50d3d3\" data-element_type=\"widget\" data-widget_type=\"spacer.default\">\n\t\t\t\t<div class=\"elementor-widget-container\">\n\t\t\t\t\t<div class=\"elementor-spacer\">\n\t\t\t<div class=\"elementor-spacer-inner\"><\/div>\n\t\t<\/div>\n\t\t\t\t<\/div>\n\t\t\t\t<\/div>\n\t\t\t\t<div class=\"elementor-element elementor-element-8a28127 elementor-widget elementor-widget-text-editor\" data-id=\"8a28127\" data-element_type=\"widget\" data-widget_type=\"text-editor.default\">\n\t\t\t\t<div class=\"elementor-widget-container\">\n\t\t\t\t\t\t\t<p style=\"text-align: center;\" data-start=\"97\" data-end=\"142\"><strong data-start=\"97\" data-end=\"142\">Hinweis zum neuen DAV-Reservierungssystem<\/strong><\/p><p style=\"text-align: center;\" data-start=\"144\" data-end=\"324\">Im neuen Buchungssystem wurde die Anzeige der Schlafpl\u00e4tze angepasst.<br data-start=\"213\" data-end=\"216\" \/>Bitte tragt einfach die gew\u00fcnschte Anzahl an Schlafpl\u00e4tzen ein und schlie\u00dft die Reservierung wie gewohnt ab.<\/p><p style=\"text-align: center;\" data-start=\"326\" data-end=\"471\"><strong data-start=\"326\" data-end=\"338\">Wichtig:<\/strong><br data-start=\"338\" data-end=\"341\" \/>Die Anzeige <strong data-start=\"353\" data-end=\"373\">\u201e0 Schlafpl\u00e4tze\u201c<\/strong> bedeutet, dass wir ausgebucht sind!<\/p><p style=\"text-align: center;\" data-start=\"473\" data-end=\"552\">Falls die Buchung dennoch nicht funktioniert, ladet die Seite bitte einmal neu.<\/p><p style=\"text-align: center;\" data-start=\"554\" data-end=\"674\">Weitere Hilfe findet ihr in den <strong data-start=\"590\" data-end=\"607\">FAQ f\u00fcr G\u00e4ste<\/strong>.<\/p><p style=\"text-align: center;\"><a href=\"https:\/\/hut-reservation.notion.site\/FAQ-f-r-G-ste-130c866368c38154919fed96e4fa4929\">FAQ f\u00fcr G\u00e4ste<\/a><\/p>\t\t\t\t\t\t<\/div>\n\t\t\t\t<\/div>\n\t\t\t\t<div class=\"elementor-element elementor-element-f1acd1c elementor-widget elementor-widget-spacer\" data-id=\"f1acd1c\" data-element_type=\"widget\" data-widget_type=\"spacer.default\">\n\t\t\t\t<div class=\"elementor-widget-container\">\n\t\t\t\t\t<div class=\"elementor-spacer\">\n\t\t\t<div class=\"elementor-spacer-inner\"><\/div>\n\t\t<\/div>\n\t\t\t\t<\/div>\n\t\t\t\t<\/div>\n\t\t<div class=\"elementor-element elementor-element-6e913c0 e-con-full e-flex e-con e-child\" data-id=\"6e913c0\" data-element_type=\"container\">\n\t\t\t\t<div class=\"elementor-element elementor-element-b33d2d4 elementor-align-center elementor-widget elementor-widget-button\" data-id=\"b33d2d4\" data-element_type=\"widget\" data-widget_type=\"button.default\">\n\t\t\t\t<div class=\"elementor-widget-container\">\n\t\t\t\t\t<div class=\"elementor-button-wrapper\">\n\t\t\t<a class=\"elementor-button elementor-button-link elementor-size-sm\" href=\"https:\/\/www.hut-reservation.org\/reservation\/book-hut\/373\/wizard\">\n\t\t\t\t\t\t<span class=\"elementor-button-content-wrapper\">\n\t\t\t\t\t\t\t\t\t<span class=\"elementor-button-text\">Schlafplatz reservieren<\/span>\n\t\t\t\t\t<\/span>\n\t\t\t\t\t<\/a>\n\t\t<\/div>\n\t\t\t\t<\/div>\n\t\t\t\t<\/div>\n\t\t\t\t<div class=\"elementor-element elementor-element-4827dcd elementor-widget elementor-widget-text-editor\" data-id=\"4827dcd\" data-element_type=\"widget\" data-widget_type=\"text-editor.default\">\n\t\t\t\t<div class=\"elementor-widget-container\">\n\t\t\t\t\t\t\t<p style=\"text-align: center;\"><strong data-start=\"92\" data-end=\"125\">Wichtiger Hinweis zur Buchung<\/strong><br data-start=\"125\" data-end=\"128\" \/>Schlafpl\u00e4tze im Kreuzeckhaus k\u00f6nnen <strong data-start=\"164\" data-end=\"226\">ausschlie\u00dflich \u00fcber das offizielle DAV-Reservierungssystem<\/strong> gebucht werden.<\/p><p style=\"text-align: center;\">Bitte nutzt daher immer das Online-System f\u00fcr eure Buchung \u2013 nur so wird eure Reservierung korrekt erfasst und best\u00e4tigt.<\/p>\t\t\t\t\t\t<\/div>\n\t\t\t\t<\/div>\n\t\t\t\t<\/div>\n\t\t\t\t<div class=\"elementor-element elementor-element-304ec0d elementor-widget elementor-widget-spacer\" data-id=\"304ec0d\" data-element_type=\"widget\" data-widget_type=\"spacer.default\">\n\t\t\t\t<div class=\"elementor-widget-container\">\n\t\t\t\t\t<div class=\"elementor-spacer\">\n\t\t\t<div class=\"elementor-spacer-inner\"><\/div>\n\t\t<\/div>\n\t\t\t\t<\/div>\n\t\t\t\t<\/div>\n\t\t\t\t\t<\/div>\n\t\t\t\t<\/div>\n\t\t<div class=\"elementor-element elementor-element-fe78610 e-con-full e-flex e-con e-parent\" data-id=\"fe78610\" data-element_type=\"container\" data-settings=\"{&quot;background_background&quot;:&quot;classic&quot;}\">\n\t\t\t\t<div class=\"elementor-element elementor-element-d07f51c elementor-hidden-mobile elementor-widget elementor-widget-heading\" data-id=\"d07f51c\" data-element_type=\"widget\" data-widget_type=\"heading.default\">\n\t\t\t\t<div class=\"elementor-widget-container\">\n\t\t\t<h5 class=\"elementor-heading-title elementor-size-default\">Wissenswertes zu deiner \u00dcbernachtung<\/h5>\t\t<\/div>\n\t\t\t\t<\/div>\n\t\t<div class=\"elementor-element elementor-element-05c3b57 e-flex e-con-boxed e-con e-child\" data-id=\"05c3b57\" data-element_type=\"container\">\n\t\t\t\t\t<div class=\"e-con-inner\">\n\t\t<div class=\"elementor-element elementor-element-5e992ad e-con-full e-flex e-con e-child\" data-id=\"5e992ad\" data-element_type=\"container\" data-settings=\"{&quot;background_background&quot;:&quot;classic&quot;}\">\n\t\t\t\t<div class=\"elementor-element elementor-element-69664fe elementor-widget elementor-widget-text-editor\" data-id=\"69664fe\" data-element_type=\"widget\" data-widget_type=\"text-editor.default\">\n\t\t\t\t<div class=\"elementor-widget-container\">\n\t\t\t\t\t\t\t<div class=\"\" data-mesh-id=\"comp-ku79tu0x__item-j9r9uz7einlineContent\" data-testid=\"inline-content\"><div data-mesh-id=\"comp-ku79tu0x__item-j9r9uz7einlineContent-gridContainer\" data-testid=\"mesh-container-content\"><div id=\"comp-ku79tu1g__item-j9r9uz7e\" class=\"KcpHeO tz5f0K comp-ku79tu1g wixui-rich-text\" data-testid=\"richTextElement\"><p class=\"font_2 wixui-rich-text__text\"><span style=\"color: #000000;\"><strong><span class=\"wixui-rich-text__text\">Halbpension<\/span><\/strong><\/span><\/p><\/div><div id=\"comp-ku79tu1z__item-j9r9uz7e\" class=\"KcpHeO tz5f0K comp-ku79tu1z wixui-rich-text\" data-testid=\"richTextElement\"><p class=\"font_8 wixui-rich-text__text\"><span class=\"wixui-rich-text__text\" style=\"color: #000000;\">Unsere Halbpension umfasst eine Suppe, ein Hauptgericht (wahlweise vegetarisches oder Fleischgericht) und eine Nachspeise. Die Halbpension kostet f\u00fcr Erwachsene 38,-\u20ac und Kinder bis 12 Jahre 28,-\u20ac,\u00a0 inkl. Fr\u00fchst\u00fcck.<\/span><\/p><\/div><\/div><\/div>\t\t\t\t\t\t<\/div>\n\t\t\t\t<\/div>\n\t\t\t\t<\/div>\n\t\t<div class=\"elementor-element elementor-element-60a0713 e-con-full e-flex e-con e-child\" data-id=\"60a0713\" data-element_type=\"container\" data-settings=\"{&quot;background_background&quot;:&quot;classic&quot;}\">\n\t\t\t\t<div class=\"elementor-element elementor-element-7955fd2 elementor-widget elementor-widget-text-editor\" data-id=\"7955fd2\" data-element_type=\"widget\" data-widget_type=\"text-editor.default\">\n\t\t\t\t<div class=\"elementor-widget-container\">\n\t\t\t\t\t\t\t<div class=\"\" data-mesh-id=\"comp-ku79tu0x__item-j9r9uz7einlineContent\" data-testid=\"inline-content\"><div data-mesh-id=\"comp-ku79tu0x__item-j9r9uz7einlineContent-gridContainer\" data-testid=\"mesh-container-content\"><div class=\"\" data-mesh-id=\"comp-ku79tu0x__item-knn4fvlginlineContent\" data-testid=\"inline-content\"><div data-mesh-id=\"comp-ku79tu0x__item-knn4fvlginlineContent-gridContainer\" data-testid=\"mesh-container-content\"><div id=\"comp-ku79tu1g__item-knn4fvlg\" class=\"KcpHeO tz5f0K comp-ku79tu1g wixui-rich-text\" data-testid=\"richTextElement\"><p class=\"font_2 wixui-rich-text__text\"><span style=\"color: #000000;\"><strong><span class=\"wixui-rich-text__text\">Abendessen<\/span><\/strong><\/span><\/p><\/div><div id=\"comp-ku79tu1z__item-knn4fvlg\" class=\"KcpHeO tz5f0K comp-ku79tu1z wixui-rich-text\" data-testid=\"richTextElement\"><p class=\"font_8 wixui-rich-text__text\"><span class=\"wixui-rich-text__text\" style=\"color: #000000;\">Abendessen gibt es um 18:00 Uhr. Neben der Halbpension k\u00f6nnen die Tages- Gerichte auch einzeln bestellt werden.\u00a0<\/span><\/p><p class=\"font_8 wixui-rich-text__text\"><span class=\"wixui-rich-text__text\" style=\"color: #000000;\">\u00c0 la Carte Bestellungen sind beim Abendessen leider nicht m\u00f6glich.<\/span><\/p><\/div><\/div><\/div><\/div><\/div>\t\t\t\t\t\t<\/div>\n\t\t\t\t<\/div>\n\t\t\t\t<\/div>\n\t\t<div class=\"elementor-element elementor-element-1ba0e6b e-con-full e-flex e-con e-child\" data-id=\"1ba0e6b\" data-element_type=\"container\" data-settings=\"{&quot;background_background&quot;:&quot;classic&quot;}\">\n\t\t\t\t<div class=\"elementor-element elementor-element-727d884 elementor-widget elementor-widget-text-editor\" data-id=\"727d884\" data-element_type=\"widget\" data-widget_type=\"text-editor.default\">\n\t\t\t\t<div class=\"elementor-widget-container\">\n\t\t\t\t\t\t\t<div class=\"\" data-mesh-id=\"comp-ku79tu0x__item-j9r9uz7einlineContent\" data-testid=\"inline-content\"><div data-mesh-id=\"comp-ku79tu0x__item-j9r9uz7einlineContent-gridContainer\" data-testid=\"mesh-container-content\"><div class=\"\" data-mesh-id=\"comp-ku79tu0x__item-knn4fx1binlineContent\" data-testid=\"inline-content\"><div data-mesh-id=\"comp-ku79tu0x__item-knn4fx1binlineContent-gridContainer\" data-testid=\"mesh-container-content\"><div id=\"comp-ku79tu1g__item-knn4fx1b\" class=\"KcpHeO tz5f0K comp-ku79tu1g wixui-rich-text\" data-testid=\"richTextElement\"><p class=\"font_2 wixui-rich-text__text\"><span style=\"color: #000000;\"><strong><span class=\"wixui-rich-text__text\">Fr\u00fchst\u00fcck<\/span><\/strong><\/span><\/p><\/div><div id=\"comp-ku79tu1z__item-knn4fx1b\" class=\"KcpHeO tz5f0K comp-ku79tu1z wixui-rich-text\" data-testid=\"richTextElement\"><p class=\"font_8 wixui-rich-text__text\"><span class=\"wixui-rich-text__text\" style=\"color: #000000;\">Fr\u00fchst\u00fcck gibt es von 7:00 bis 8:30 Uhr und kostet f\u00fcr Erwachsene 15\u20ac und Kinder 10\u20ac. Auf euch wartet ein reichhaltiges Fr\u00fchst\u00fccksbuffet f\u00fcr jeden Geschmack.\u00a0<\/span><\/p><p>Gerne k\u00f6nnt ihr auch ein Lunchpaket f\u00fcr 9,-\u20ac erwerben. Dazu bitten wir euch, dieses am Vorabend bei uns zu bestellen!<\/p><\/div><\/div><\/div><\/div><\/div>\t\t\t\t\t\t<\/div>\n\t\t\t\t<\/div>\n\t\t\t\t<\/div>\n\t\t\t\t\t<\/div>\n\t\t\t\t<\/div>\n\t\t<div class=\"elementor-element elementor-element-7a26133 e-flex e-con-boxed e-con e-child\" data-id=\"7a26133\" data-element_type=\"container\">\n\t\t\t\t\t<div class=\"e-con-inner\">\n\t\t<div class=\"elementor-element elementor-element-b152b4f e-con-full e-flex e-con e-child\" data-id=\"b152b4f\" data-element_type=\"container\" data-settings=\"{&quot;background_background&quot;:&quot;classic&quot;}\">\n\t\t\t\t<div class=\"elementor-element elementor-element-c463917 elementor-widget elementor-widget-text-editor\" data-id=\"c463917\" data-element_type=\"widget\" data-widget_type=\"text-editor.default\">\n\t\t\t\t<div class=\"elementor-widget-container\">\n\t\t\t\t\t\t\t<div class=\"\" data-mesh-id=\"comp-ku79tu0x__item-j9r9uz7einlineContent\" data-testid=\"inline-content\"><div class=\"\" data-mesh-id=\"comp-ku79tu0x__item-knn4fy3qinlineContent\" data-testid=\"inline-content\"><div data-mesh-id=\"comp-ku79tu0x__item-knn4fy3qinlineContent-gridContainer\" data-testid=\"mesh-container-content\"><div id=\"comp-ku79tu1g__item-knn4fy3q\" class=\"KcpHeO tz5f0K comp-ku79tu1g wixui-rich-text\" data-testid=\"richTextElement\"><p class=\"font_2 wixui-rich-text__text\"><span style=\"color: #000000;\"><strong><span class=\"wixui-rich-text__text\">Duschen<\/span><\/strong><\/span><\/p><\/div><div id=\"comp-ku79tu1z__item-knn4fy3q\" class=\"KcpHeO tz5f0K comp-ku79tu1z wixui-rich-text\" data-testid=\"richTextElement\"><p class=\"font_8 wixui-rich-text__text\"><span class=\"wixui-rich-text__text\" style=\"color: #000000;\">In unseren Schlafhaus stehen insgesamt sechs Duschen f\u00fcr euch zur Verf\u00fcgung.\u00a0<\/span><\/p><p class=\"font_8 wixui-rich-text__text\"><span class=\"wixui-rich-text__text\" style=\"color: #000000;\">Duschmarken k\u00f6nnen f\u00fcr 5,- \u20ac an der Theke erworben werden\u00a0<\/span><\/p><\/div><\/div><\/div><\/div>\t\t\t\t\t\t<\/div>\n\t\t\t\t<\/div>\n\t\t\t\t<\/div>\n\t\t<div class=\"elementor-element elementor-element-1bcc208 e-con-full e-flex e-con e-child\" data-id=\"1bcc208\" data-element_type=\"container\" data-settings=\"{&quot;background_background&quot;:&quot;classic&quot;}\">\n\t\t\t\t<div class=\"elementor-element elementor-element-f2c6703 elementor-widget elementor-widget-text-editor\" data-id=\"f2c6703\" data-element_type=\"widget\" data-widget_type=\"text-editor.default\">\n\t\t\t\t<div class=\"elementor-widget-container\">\n\t\t\t\t\t\t\t<div class=\"\" data-mesh-id=\"comp-ku79tu0x__item-j9r9uz7einlineContent\" data-testid=\"inline-content\"><div data-mesh-id=\"comp-ku79tu0x__item-j9r9uz7einlineContent-gridContainer\" data-testid=\"mesh-container-content\"><div id=\"comp-ku79tu1g__item-knn4fzi2\" class=\"KcpHeO tz5f0K comp-ku79tu1g wixui-rich-text\" data-testid=\"richTextElement\"><p class=\"font_2 wixui-rich-text__text\"><strong><span class=\"wixui-rich-text__text\" style=\"color: #000000;\">Kartenzahlung<\/span><\/strong><\/p><\/div><div id=\"comp-ku79tu1z__item-knn4fzi2\" class=\"KcpHeO tz5f0K comp-ku79tu1z wixui-rich-text\" data-testid=\"richTextElement\"><p class=\"font_8 wixui-rich-text__text\"><span class=\"wixui-rich-text__text\" style=\"color: #000000;\">Wir akzeptieren alle g\u00e4ngigen EC- und Kreditkarten mit Ausnahme von American Express ab einem Rechnungsbetrag von 15\u20ac.<\/span><\/p><p class=\"font_8 wixui-rich-text__text\"><span class=\"wixui-rich-text__text\" style=\"color: #000000;\"><span class=\"wixGuard wixui-rich-text__text\">\u200b<\/span><\/span><\/p><\/div><\/div><\/div>\t\t\t\t\t\t<\/div>\n\t\t\t\t<\/div>\n\t\t\t\t<\/div>\n\t\t<div class=\"elementor-element elementor-element-9e77b8f e-con-full e-flex e-con e-child\" data-id=\"9e77b8f\" data-element_type=\"container\" data-settings=\"{&quot;background_background&quot;:&quot;classic&quot;}\">\n\t\t\t\t<div class=\"elementor-element elementor-element-4686fc6 elementor-widget elementor-widget-text-editor\" data-id=\"4686fc6\" data-element_type=\"widget\" data-widget_type=\"text-editor.default\">\n\t\t\t\t<div class=\"elementor-widget-container\">\n\t\t\t\t\t\t\t<div class=\"\" data-mesh-id=\"comp-ku79tu0x__item-j9r9uz7einlineContent\" data-testid=\"inline-content\"><div data-mesh-id=\"comp-ku79tu0x__item-j9r9uz7einlineContent-gridContainer\" data-testid=\"mesh-container-content\"><div class=\"\" data-mesh-id=\"comp-ku79tu0x__item1inlineContent\" data-testid=\"inline-content\"><div data-mesh-id=\"comp-ku79tu0x__item1inlineContent-gridContainer\" data-testid=\"mesh-container-content\"><div id=\"comp-ku79tu1g__item1\" class=\"KcpHeO tz5f0K comp-ku79tu1g wixui-rich-text\" data-testid=\"richTextElement\"><p class=\"font_2 wixui-rich-text__text\"><span style=\"color: #000000;\"><strong><span class=\"wixui-rich-text__text\">Hunde<\/span><\/strong><\/span><\/p><\/div><div id=\"comp-ku79tu1z__item1\" class=\"KcpHeO tz5f0K comp-ku79tu1z wixui-rich-text\" data-testid=\"richTextElement\"><p class=\"font_8 wixui-rich-text__text\"><span class=\"wixui-rich-text__text\" style=\"color: #000000;\">Hunde d\u00fcrfen bei uns leider nicht \u00fcbernachten<\/span><\/p><\/div><\/div><\/div><\/div><\/div>\t\t\t\t\t\t<\/div>\n\t\t\t\t<\/div>\n\t\t\t\t<\/div>\n\t\t\t\t\t<\/div>\n\t\t\t\t<\/div>\n\t\t\t\t<\/div>\n\t\t\t\t<\/div>\n\t\t","protected":false},"excerpt":{"rendered":"<p>\u00dcbernachten auf dem Kreuzeckhaus Hinweis zum neuen DAV-Reservierungssystem Im neuen Buchungssystem wurde die Anzeige der Schlafpl\u00e4tze angepasst.Bitte tragt einfach die gew\u00fcnschte Anzahl an Schlafpl\u00e4tzen ein und schlie\u00dft die Reservierung wie gewohnt ab. Wichtig:Die Anzeige \u201e0 Schlafpl\u00e4tze\u201c bedeutet, dass wir ausgebucht sind! Falls die Buchung dennoch nicht funktioniert, ladet die Seite bitte einmal neu. Weitere Hilfe [&hellip;]<\/p>\n","protected":false},"author":1,"featured_media":0,"parent":0,"menu_order":0,"comment_status":"closed","ping_status":"closed","template":"","meta":{"footnotes":""},"class_list":["post-77","page","type-page","status-publish","hentry"],"yoast_head":"<!-- This site is optimized with the Yoast SEO plugin v23.7 - https:\/\/yoast.com\/wordpress\/plugins\/seo\/ -->\n<title>\u00dcbernachten &#8226; Kreuzeckhaus<\/title>\n<meta name=\"description\" content=\"Alle Informationen zum \u00dcbernachten auf dem Kreuzeckhaus. Zimmer &amp; Preise auf einen Blick.\" \/>\n<meta name=\"robots\" content=\"index, follow, max-snippet:-1, max-image-preview:large, max-video-preview:-1\" \/>\n<link rel=\"canonical\" href=\"https:\/\/kreuzeckhaus.net\/index.php\/uebernachten\/\" \/>\n<meta property=\"og:locale\" content=\"de_DE\" \/>\n<meta property=\"og:type\" content=\"article\" \/>\n<meta property=\"og:title\" content=\"\u00dcbernachten &#8226; Kreuzeckhaus\" \/>\n<meta property=\"og:description\" content=\"Alle Informationen zum \u00dcbernachten auf dem Kreuzeckhaus. Zimmer &amp; Preise auf einen Blick.\" \/>\n<meta property=\"og:url\" content=\"https:\/\/kreuzeckhaus.net\/index.php\/uebernachten\/\" \/>\n<meta property=\"og:site_name\" content=\"Kreuzeckhaus\" \/>\n<meta property=\"article:publisher\" content=\"https:\/\/www.facebook.com\/Kreuzeckhaus\" \/>\n<meta property=\"article:modified_time\" content=\"2026-01-01T15:57:03+00:00\" \/>\n<meta property=\"og:image\" content=\"https:\/\/kreuzeckhaus.net\/wp-content\/uploads\/2024\/03\/Hintergrund.jpg\" \/>\n\t<meta property=\"og:image:width\" content=\"1731\" \/>\n\t<meta property=\"og:image:height\" content=\"974\" \/>\n\t<meta property=\"og:image:type\" content=\"image\/jpeg\" \/>\n<meta name=\"twitter:card\" content=\"summary_large_image\" \/>\n<meta name=\"twitter:label1\" content=\"Gesch\u00e4tzte Lesezeit\" \/>\n\t<meta name=\"twitter:data1\" content=\"2\u00a0Minuten\" \/>\n<script type=\"application\/ld+json\" class=\"yoast-schema-graph\">{\"@context\":\"https:\/\/schema.org\",\"@graph\":[{\"@type\":\"WebPage\",\"@id\":\"https:\/\/kreuzeckhaus.net\/index.php\/uebernachten\/\",\"url\":\"https:\/\/kreuzeckhaus.net\/index.php\/uebernachten\/\",\"name\":\"\u00dcbernachten &#8226; Kreuzeckhaus\",\"isPartOf\":{\"@id\":\"https:\/\/kreuzeckhaus.net\/#website\"},\"datePublished\":\"2024-03-09T14:37:42+00:00\",\"dateModified\":\"2026-01-01T15:57:03+00:00\",\"description\":\"Alle Informationen zum \u00dcbernachten auf dem Kreuzeckhaus. Zimmer & Preise auf einen Blick.\",\"breadcrumb\":{\"@id\":\"https:\/\/kreuzeckhaus.net\/index.php\/uebernachten\/#breadcrumb\"},\"inLanguage\":\"de\",\"potentialAction\":[{\"@type\":\"ReadAction\",\"target\":[\"https:\/\/kreuzeckhaus.net\/index.php\/uebernachten\/\"]}]},{\"@type\":\"BreadcrumbList\",\"@id\":\"https:\/\/kreuzeckhaus.net\/index.php\/uebernachten\/#breadcrumb\",\"itemListElement\":[{\"@type\":\"ListItem\",\"position\":1,\"name\":\"Startseite\",\"item\":\"https:\/\/kreuzeckhaus.net\/\"},{\"@type\":\"ListItem\",\"position\":2,\"name\":\"\u00dcbernachten\"}]},{\"@type\":\"WebSite\",\"@id\":\"https:\/\/kreuzeckhaus.net\/#website\",\"url\":\"https:\/\/kreuzeckhaus.net\/\",\"name\":\"Kreuzeckhaus\",\"description\":\"Alles rund um das Kreuzeckhaus\",\"publisher\":{\"@id\":\"https:\/\/kreuzeckhaus.net\/#organization\"},\"alternateName\":\"Kreuzeckhaus\",\"potentialAction\":[{\"@type\":\"SearchAction\",\"target\":{\"@type\":\"EntryPoint\",\"urlTemplate\":\"https:\/\/kreuzeckhaus.net\/?s={search_term_string}\"},\"query-input\":{\"@type\":\"PropertyValueSpecification\",\"valueRequired\":true,\"valueName\":\"search_term_string\"}}],\"inLanguage\":\"de\"},{\"@type\":\"Organization\",\"@id\":\"https:\/\/kreuzeckhaus.net\/#organization\",\"name\":\"Kreuzeckhaus\",\"alternateName\":\"Kreuzeckhaus\",\"url\":\"https:\/\/kreuzeckhaus.net\/\",\"logo\":{\"@type\":\"ImageObject\",\"inLanguage\":\"de\",\"@id\":\"https:\/\/kreuzeckhaus.net\/#\/schema\/logo\/image\/\",\"url\":\"https:\/\/kreuzeckhaus.net\/wp-content\/uploads\/2024\/04\/cropped-Logo-Kreuzeckhaus.png\",\"contentUrl\":\"https:\/\/kreuzeckhaus.net\/wp-content\/uploads\/2024\/04\/cropped-Logo-Kreuzeckhaus.png\",\"width\":214,\"height\":100,\"caption\":\"Kreuzeckhaus\"},\"image\":{\"@id\":\"https:\/\/kreuzeckhaus.net\/#\/schema\/logo\/image\/\"},\"sameAs\":[\"https:\/\/www.facebook.com\/Kreuzeckhaus\"]}]}<\/script>\n<!-- \/ Yoast SEO plugin. -->","yoast_head_json":{"title":"\u00dcbernachten &#8226; Kreuzeckhaus","description":"Alle Informationen zum \u00dcbernachten auf dem Kreuzeckhaus. Zimmer & Preise auf einen Blick.","robots":{"index":"index","follow":"follow","max-snippet":"max-snippet:-1","max-image-preview":"max-image-preview:large","max-video-preview":"max-video-preview:-1"},"canonical":"https:\/\/kreuzeckhaus.net\/index.php\/uebernachten\/","og_locale":"de_DE","og_type":"article","og_title":"\u00dcbernachten &#8226; Kreuzeckhaus","og_description":"Alle Informationen zum \u00dcbernachten auf dem Kreuzeckhaus. Zimmer & Preise auf einen Blick.","og_url":"https:\/\/kreuzeckhaus.net\/index.php\/uebernachten\/","og_site_name":"Kreuzeckhaus","article_publisher":"https:\/\/www.facebook.com\/Kreuzeckhaus","article_modified_time":"2026-01-01T15:57:03+00:00","og_image":[{"width":1731,"height":974,"url":"https:\/\/kreuzeckhaus.net\/wp-content\/uploads\/2024\/03\/Hintergrund.jpg","type":"image\/jpeg"}],"twitter_card":"summary_large_image","twitter_misc":{"Gesch\u00e4tzte Lesezeit":"2\u00a0Minuten"},"schema":{"@context":"https:\/\/schema.org","@graph":[{"@type":"WebPage","@id":"https:\/\/kreuzeckhaus.net\/index.php\/uebernachten\/","url":"https:\/\/kreuzeckhaus.net\/index.php\/uebernachten\/","name":"\u00dcbernachten &#8226; Kreuzeckhaus","isPartOf":{"@id":"https:\/\/kreuzeckhaus.net\/#website"},"datePublished":"2024-03-09T14:37:42+00:00","dateModified":"2026-01-01T15:57:03+00:00","description":"Alle Informationen zum \u00dcbernachten auf dem Kreuzeckhaus. Zimmer & Preise auf einen Blick.","breadcrumb":{"@id":"https:\/\/kreuzeckhaus.net\/index.php\/uebernachten\/#breadcrumb"},"inLanguage":"de","potentialAction":[{"@type":"ReadAction","target":["https:\/\/kreuzeckhaus.net\/index.php\/uebernachten\/"]}]},{"@type":"BreadcrumbList","@id":"https:\/\/kreuzeckhaus.net\/index.php\/uebernachten\/#breadcrumb","itemListElement":[{"@type":"ListItem","position":1,"name":"Startseite","item":"https:\/\/kreuzeckhaus.net\/"},{"@type":"ListItem","position":2,"name":"\u00dcbernachten"}]},{"@type":"WebSite","@id":"https:\/\/kreuzeckhaus.net\/#website","url":"https:\/\/kreuzeckhaus.net\/","name":"Kreuzeckhaus","description":"Alles rund um das Kreuzeckhaus","publisher":{"@id":"https:\/\/kreuzeckhaus.net\/#organization"},"alternateName":"Kreuzeckhaus","potentialAction":[{"@type":"SearchAction","target":{"@type":"EntryPoint","urlTemplate":"https:\/\/kreuzeckhaus.net\/?s={search_term_string}"},"query-input":{"@type":"PropertyValueSpecification","valueRequired":true,"valueName":"search_term_string"}}],"inLanguage":"de"},{"@type":"Organization","@id":"https:\/\/kreuzeckhaus.net\/#organization","name":"Kreuzeckhaus","alternateName":"Kreuzeckhaus","url":"https:\/\/kreuzeckhaus.net\/","logo":{"@type":"ImageObject","inLanguage":"de","@id":"https:\/\/kreuzeckhaus.net\/#\/schema\/logo\/image\/","url":"https:\/\/kreuzeckhaus.net\/wp-content\/uploads\/2024\/04\/cropped-Logo-Kreuzeckhaus.png","contentUrl":"https:\/\/kreuzeckhaus.net\/wp-content\/uploads\/2024\/04\/cropped-Logo-Kreuzeckhaus.png","width":214,"height":100,"caption":"Kreuzeckhaus"},"image":{"@id":"https:\/\/kreuzeckhaus.net\/#\/schema\/logo\/image\/"},"sameAs":["https:\/\/www.facebook.com\/Kreuzeckhaus"]}]}},"_links":{"self":[{"href":"https:\/\/kreuzeckhaus.net\/index.php\/wp-json\/wp\/v2\/pages\/77","targetHints":{"allow":["GET"]}}],"collection":[{"href":"https:\/\/kreuzeckhaus.net\/index.php\/wp-json\/wp\/v2\/pages"}],"about":[{"href":"https:\/\/kreuzeckhaus.net\/index.php\/wp-json\/wp\/v2\/types\/page"}],"author":[{"embeddable":true,"href":"https:\/\/kreuzeckhaus.net\/index.php\/wp-json\/wp\/v2\/users\/1"}],"replies":[{"embeddable":true,"href":"https:\/\/kreuzeckhaus.net\/index.php\/wp-json\/wp\/v2\/comments?post=77"}],"version-history":[{"count":138,"href":"https:\/\/kreuzeckhaus.net\/index.php\/wp-json\/wp\/v2\/pages\/77\/revisions"}],"predecessor-version":[{"id":1468,"href":"https:\/\/kreuzeckhaus.net\/index.php\/wp-json\/wp\/v2\/pages\/77\/revisions\/1468"}],"wp:attachment":[{"href":"https:\/\/kreuzeckhaus.net\/index.php\/wp-json\/wp\/v2\/media?parent=77"}],"curies":[{"name":"wp","href":"https:\/\/api.w.org\/{rel}","templated":true}]}}