{"id":81,"date":"2024-03-09T14:39:40","date_gmt":"2024-03-09T14:39:40","guid":{"rendered":"https:\/\/fusion94.de\/wordpress\/?page_id=81"},"modified":"2025-12-07T13:39:52","modified_gmt":"2025-12-07T13:39:52","slug":"tourtipps","status":"publish","type":"page","link":"https:\/\/kreuzeckhaus.net\/index.php\/tourtipps\/","title":{"rendered":"Tourtipps"},"content":{"rendered":"\t\t<div data-elementor-type=\"wp-page\" data-elementor-id=\"81\" class=\"elementor elementor-81\">\n\t\t\t\t<div class=\"elementor-element elementor-element-ce8b710 e-flex e-con-boxed e-con e-parent\" data-id=\"ce8b710\" data-element_type=\"container\">\n\t\t\t\t\t<div class=\"e-con-inner\">\n\t\t\t\t<div class=\"elementor-element elementor-element-6258835 elementor-widget elementor-widget-heading\" data-id=\"6258835\" data-element_type=\"widget\" data-widget_type=\"heading.default\">\n\t\t\t\t<div class=\"elementor-widget-container\">\n\t\t\t<h2 class=\"elementor-heading-title elementor-size-default\">Tourentipps rund um das Kreuzeckhaus<\/h2>\t\t<\/div>\n\t\t\t\t<\/div>\n\t\t\t\t<div class=\"elementor-element elementor-element-21ab92d elementor-widget elementor-widget-spacer\" data-id=\"21ab92d\" data-element_type=\"widget\" data-widget_type=\"spacer.default\">\n\t\t\t\t<div class=\"elementor-widget-container\">\n\t\t\t\t\t<div class=\"elementor-spacer\">\n\t\t\t<div class=\"elementor-spacer-inner\"><\/div>\n\t\t<\/div>\n\t\t\t\t<\/div>\n\t\t\t\t<\/div>\n\t\t\t\t<div class=\"elementor-element elementor-element-38ca061 elementor-widget elementor-widget-text-editor\" data-id=\"38ca061\" data-element_type=\"widget\" data-widget_type=\"text-editor.default\">\n\t\t\t\t<div class=\"elementor-widget-container\">\n\t\t\t\t\t\t\t<p>Rund um uns findest du im Sommer wie im Winter eine gro\u00dfe Auswahl an Touren \u2013 von einfachen Wegen bis hin zu anspruchsvolleren Berg- und Skitouren. Die Region bietet viele M\u00f6glichkeiten, aber jede Tour braucht eine gute Vorbereitung.<\/p><p data-start=\"406\" data-end=\"434\">Bitte achte dabei immer auf:<\/p><ul data-start=\"436\" data-end=\"770\"><li data-start=\"436\" data-end=\"504\"><p data-start=\"438\" data-end=\"504\">die <strong data-start=\"442\" data-end=\"465\">aktuelle Wetterlage<\/strong> und m\u00f6gliche schnelle Ver\u00e4nderungen,<\/p><\/li><li data-start=\"505\" data-end=\"550\"><p data-start=\"507\" data-end=\"550\">deine <strong data-start=\"513\" data-end=\"547\">eigene Kondition und Erfahrung<\/strong>,<\/p><\/li><li data-start=\"551\" data-end=\"601\"><p data-start=\"553\" data-end=\"601\">eine <strong data-start=\"558\" data-end=\"598\">passende und vollst\u00e4ndige Ausr\u00fcstung<\/strong>,<\/p><\/li><li data-start=\"602\" data-end=\"690\"><p data-start=\"604\" data-end=\"690\">aktuelle Hinweise der <strong data-start=\"626\" data-end=\"654\">Bayerischen Zugspitzbahn<\/strong> zu Wegen, Liften oder Sperrungen,<\/p><\/li><li data-start=\"691\" data-end=\"770\"><p data-start=\"693\" data-end=\"770\">sowie die Empfehlungen des <strong data-start=\"720\" data-end=\"746\">Deutschen Alpenvereins<\/strong> zum sicheren Bergsport.<\/p><\/li><\/ul><p data-start=\"772\" data-end=\"960\">Unsere Tourentipps dienen dir als Orientierung und Inspiration. Bitte plane deine Touren sorgf\u00e4ltig und passe sie den Bedingungen vor Ort an. Deine Sicherheit steht immer an erster Stelle.<\/p>\t\t\t\t\t\t<\/div>\n\t\t\t\t<\/div>\n\t\t\t\t<div class=\"elementor-element elementor-element-c354c3e elementor-widget elementor-widget-spacer\" data-id=\"c354c3e\" data-element_type=\"widget\" data-widget_type=\"spacer.default\">\n\t\t\t\t<div class=\"elementor-widget-container\">\n\t\t\t\t\t<div class=\"elementor-spacer\">\n\t\t\t<div class=\"elementor-spacer-inner\"><\/div>\n\t\t<\/div>\n\t\t\t\t<\/div>\n\t\t\t\t<\/div>\n\t\t\t\t\t<\/div>\n\t\t\t\t<\/div>\n\t\t<div class=\"elementor-element elementor-element-97f4d1f e-grid e-con-boxed e-con e-parent\" data-id=\"97f4d1f\" data-element_type=\"container\">\n\t\t\t\t\t<div class=\"e-con-inner\">\n\t\t\t\t<div class=\"elementor-element elementor-element-c94b850 elementor-align-center elementor-widget elementor-widget-button\" data-id=\"c94b850\" data-element_type=\"widget\" data-widget_type=\"button.default\">\n\t\t\t\t<div class=\"elementor-widget-container\">\n\t\t\t\t\t<div class=\"elementor-button-wrapper\">\n\t\t\t<a class=\"elementor-button elementor-button-link elementor-size-sm\" href=\"https:\/\/kreuzeckhaus.net\/index.php\/sommertouren\/\">\n\t\t\t\t\t\t<span class=\"elementor-button-content-wrapper\">\n\t\t\t\t\t\t<span class=\"elementor-button-icon\">\n\t\t\t\t<svg aria-hidden=\"true\" class=\"e-font-icon-svg e-far-sun\" viewBox=\"0 0 512 512\" xmlns=\"http:\/\/www.w3.org\/2000\/svg\"><path d=\"M494.2 221.9l-59.8-40.5 13.7-71c2.6-13.2-1.6-26.8-11.1-36.4-9.6-9.5-23.2-13.7-36.2-11.1l-70.9 13.7-40.4-59.9c-15.1-22.3-51.9-22.3-67 0l-40.4 59.9-70.8-13.7C98 60.4 84.5 64.5 75 74.1c-9.5 9.6-13.7 23.1-11.1 36.3l13.7 71-59.8 40.5C6.6 229.5 0 242 0 255.5s6.7 26 17.8 33.5l59.8 40.5-13.7 71c-2.6 13.2 1.6 26.8 11.1 36.3 9.5 9.5 22.9 13.7 36.3 11.1l70.8-13.7 40.4 59.9C230 505.3 242.6 512 256 512s26-6.7 33.5-17.8l40.4-59.9 70.9 13.7c13.4 2.7 26.8-1.6 36.3-11.1 9.5-9.5 13.6-23.1 11.1-36.3l-13.7-71 59.8-40.5c11.1-7.5 17.8-20.1 17.8-33.5-.1-13.6-6.7-26.1-17.9-33.7zm-112.9 85.6l17.6 91.2-91-17.6L256 458l-51.9-77-90.9 17.6 17.6-91.2-76.8-52 76.8-52-17.6-91.2 91 17.6L256 53l51.9 76.9 91-17.6-17.6 91.1 76.8 52-76.8 52.1zM256 152c-57.3 0-104 46.7-104 104s46.7 104 104 104 104-46.7 104-104-46.7-104-104-104zm0 160c-30.9 0-56-25.1-56-56s25.1-56 56-56 56 25.1 56 56-25.1 56-56 56z\"><\/path><\/svg>\t\t\t<\/span>\n\t\t\t\t\t\t\t\t\t<span class=\"elementor-button-text\">Sommertouren<\/span>\n\t\t\t\t\t<\/span>\n\t\t\t\t\t<\/a>\n\t\t<\/div>\n\t\t\t\t<\/div>\n\t\t\t\t<\/div>\n\t\t\t\t<div class=\"elementor-element elementor-element-05be204 elementor-align-center elementor-widget elementor-widget-button\" data-id=\"05be204\" data-element_type=\"widget\" data-widget_type=\"button.default\">\n\t\t\t\t<div class=\"elementor-widget-container\">\n\t\t\t\t\t<div class=\"elementor-button-wrapper\">\n\t\t\t<a class=\"elementor-button elementor-button-link elementor-size-sm\" href=\"https:\/\/kreuzeckhaus.net\/index.php\/wintertouren\/\">\n\t\t\t\t\t\t<span class=\"elementor-button-content-wrapper\">\n\t\t\t\t\t\t<span class=\"elementor-button-icon\">\n\t\t\t\t<svg aria-hidden=\"true\" class=\"e-font-icon-svg e-far-snowflake\" viewBox=\"0 0 448 512\" xmlns=\"http:\/\/www.w3.org\/2000\/svg\"><path d=\"M440.1 355.2l-39.2-23 34.1-9.3c8.4-2.3 13.4-11.1 11.1-19.6l-4.1-15.5c-2.2-8.5-10.9-13.6-19.3-11.3L343 298.2 271.2 256l71.9-42.2 79.7 21.7c8.4 2.3 17-2.8 19.3-11.3l4.1-15.5c2.2-8.5-2.7-17.3-11.1-19.6l-34.1-9.3 39.2-23c7.5-4.4 10.1-14.2 5.8-21.9l-7.9-13.9c-4.3-7.7-14-10.3-21.5-5.9l-39.2 23 9.1-34.7c2.2-8.5-2.7-17.3-11.1-19.6l-15.2-4.1c-8.4-2.3-17 2.8-19.3 11.3l-21.3 81-71.9 42.2v-84.5L306 70.4c6.1-6.2 6.1-16.4 0-22.6l-11.1-11.3c-6.1-6.2-16.1-6.2-22.2 0l-24.9 25.4V16c0-8.8-7-16-15.7-16h-15.7c-8.7 0-15.7 7.2-15.7 16v46.1l-24.9-25.4c-6.1-6.2-16.1-6.2-22.2 0L142.1 48c-6.1 6.2-6.1 16.4 0 22.6l58.3 59.3v84.5l-71.9-42.2-21.3-81c-2.2-8.5-10.9-13.6-19.3-11.3L72.7 84c-8.4 2.3-13.4 11.1-11.1 19.6l9.1 34.7-39.2-23c-7.5-4.4-17.1-1.8-21.5 5.9l-7.9 13.9c-4.3 7.7-1.8 17.4 5.8 21.9l39.2 23-34.1 9.1c-8.4 2.3-13.4 11.1-11.1 19.6L6 224.2c2.2 8.5 10.9 13.6 19.3 11.3l79.7-21.7 71.9 42.2-71.9 42.2-79.7-21.7c-8.4-2.3-17 2.8-19.3 11.3l-4.1 15.5c-2.2 8.5 2.7 17.3 11.1 19.6l34.1 9.3-39.2 23c-7.5 4.4-10.1 14.2-5.8 21.9L10 391c4.3 7.7 14 10.3 21.5 5.9l39.2-23-9.1 34.7c-2.2 8.5 2.7 17.3 11.1 19.6l15.2 4.1c8.4 2.3 17-2.8 19.3-11.3l21.3-81 71.9-42.2v84.5l-58.3 59.3c-6.1 6.2-6.1 16.4 0 22.6l11.1 11.3c6.1 6.2 16.1 6.2 22.2 0l24.9-25.4V496c0 8.8 7 16 15.7 16h15.7c8.7 0 15.7-7.2 15.7-16v-46.1l24.9 25.4c6.1 6.2 16.1 6.2 22.2 0l11.1-11.3c6.1-6.2 6.1-16.4 0-22.6l-58.3-59.3v-84.5l71.9 42.2 21.3 81c2.2 8.5 10.9 13.6 19.3 11.3L375 428c8.4-2.3 13.4-11.1 11.1-19.6l-9.1-34.7 39.2 23c7.5 4.4 17.1 1.8 21.5-5.9l7.9-13.9c4.6-7.5 2.1-17.3-5.5-21.7z\"><\/path><\/svg>\t\t\t<\/span>\n\t\t\t\t\t\t\t\t\t<span class=\"elementor-button-text\">Wintertouren<\/span>\n\t\t\t\t\t<\/span>\n\t\t\t\t\t<\/a>\n\t\t<\/div>\n\t\t\t\t<\/div>\n\t\t\t\t<\/div>\n\t\t\t\t\t<\/div>\n\t\t\t\t<\/div>\n\t\t\t\t<\/div>\n\t\t","protected":false},"excerpt":{"rendered":"<p>Tourentipps rund um das Kreuzeckhaus Rund um uns findest du im Sommer wie im Winter eine gro\u00dfe Auswahl an Touren \u2013 von einfachen Wegen bis hin zu anspruchsvolleren Berg- und Skitouren. Die Region bietet viele M\u00f6glichkeiten, aber jede Tour braucht eine gute Vorbereitung. Bitte achte dabei immer auf: die aktuelle Wetterlage und m\u00f6gliche schnelle Ver\u00e4nderungen, [&hellip;]<\/p>\n","protected":false},"author":1,"featured_media":0,"parent":0,"menu_order":0,"comment_status":"closed","ping_status":"closed","template":"","meta":{"footnotes":""},"class_list":["post-81","page","type-page","status-publish","hentry"],"yoast_head":"<!-- This site is optimized with the Yoast SEO plugin v23.7 - https:\/\/yoast.com\/wordpress\/plugins\/seo\/ -->\n<title>Tourtipps &#8226; Kreuzeckhaus<\/title>\n<meta name=\"robots\" content=\"index, follow, max-snippet:-1, max-image-preview:large, max-video-preview:-1\" \/>\n<link rel=\"canonical\" href=\"https:\/\/kreuzeckhaus.net\/index.php\/tourtipps\/\" \/>\n<meta property=\"og:locale\" content=\"de_DE\" \/>\n<meta property=\"og:type\" content=\"article\" \/>\n<meta property=\"og:title\" content=\"Tourtipps &#8226; Kreuzeckhaus\" \/>\n<meta property=\"og:description\" content=\"Tourentipps rund um das Kreuzeckhaus Rund um uns findest du im Sommer wie im Winter eine gro\u00dfe Auswahl an Touren \u2013 von einfachen Wegen bis hin zu anspruchsvolleren Berg- und Skitouren. Die Region bietet viele M\u00f6glichkeiten, aber jede Tour braucht eine gute Vorbereitung. Bitte achte dabei immer auf: die aktuelle Wetterlage und m\u00f6gliche schnelle Ver\u00e4nderungen, [&hellip;]\" \/>\n<meta property=\"og:url\" content=\"https:\/\/kreuzeckhaus.net\/index.php\/tourtipps\/\" \/>\n<meta property=\"og:site_name\" content=\"Kreuzeckhaus\" \/>\n<meta property=\"article:publisher\" content=\"https:\/\/www.facebook.com\/Kreuzeckhaus\" \/>\n<meta property=\"article:modified_time\" content=\"2025-12-07T13:39:52+00:00\" \/>\n<meta property=\"og:image\" content=\"https:\/\/kreuzeckhaus.net\/wp-content\/uploads\/2024\/03\/Hintergrund.jpg\" \/>\n\t<meta property=\"og:image:width\" content=\"1731\" \/>\n\t<meta property=\"og:image:height\" content=\"974\" \/>\n\t<meta property=\"og:image:type\" content=\"image\/jpeg\" \/>\n<meta name=\"twitter:card\" content=\"summary_large_image\" \/>\n<meta name=\"twitter:label1\" content=\"Gesch\u00e4tzte Lesezeit\" \/>\n\t<meta name=\"twitter:data1\" content=\"1\u00a0Minute\" \/>\n<script type=\"application\/ld+json\" class=\"yoast-schema-graph\">{\"@context\":\"https:\/\/schema.org\",\"@graph\":[{\"@type\":\"WebPage\",\"@id\":\"https:\/\/kreuzeckhaus.net\/index.php\/tourtipps\/\",\"url\":\"https:\/\/kreuzeckhaus.net\/index.php\/tourtipps\/\",\"name\":\"Tourtipps &#8226; Kreuzeckhaus\",\"isPartOf\":{\"@id\":\"https:\/\/kreuzeckhaus.net\/#website\"},\"datePublished\":\"2024-03-09T14:39:40+00:00\",\"dateModified\":\"2025-12-07T13:39:52+00:00\",\"breadcrumb\":{\"@id\":\"https:\/\/kreuzeckhaus.net\/index.php\/tourtipps\/#breadcrumb\"},\"inLanguage\":\"de\",\"potentialAction\":[{\"@type\":\"ReadAction\",\"target\":[\"https:\/\/kreuzeckhaus.net\/index.php\/tourtipps\/\"]}]},{\"@type\":\"BreadcrumbList\",\"@id\":\"https:\/\/kreuzeckhaus.net\/index.php\/tourtipps\/#breadcrumb\",\"itemListElement\":[{\"@type\":\"ListItem\",\"position\":1,\"name\":\"Startseite\",\"item\":\"https:\/\/kreuzeckhaus.net\/\"},{\"@type\":\"ListItem\",\"position\":2,\"name\":\"Tourtipps\"}]},{\"@type\":\"WebSite\",\"@id\":\"https:\/\/kreuzeckhaus.net\/#website\",\"url\":\"https:\/\/kreuzeckhaus.net\/\",\"name\":\"Kreuzeckhaus\",\"description\":\"Alles rund um das Kreuzeckhaus\",\"publisher\":{\"@id\":\"https:\/\/kreuzeckhaus.net\/#organization\"},\"alternateName\":\"Kreuzeckhaus\",\"potentialAction\":[{\"@type\":\"SearchAction\",\"target\":{\"@type\":\"EntryPoint\",\"urlTemplate\":\"https:\/\/kreuzeckhaus.net\/?s={search_term_string}\"},\"query-input\":{\"@type\":\"PropertyValueSpecification\",\"valueRequired\":true,\"valueName\":\"search_term_string\"}}],\"inLanguage\":\"de\"},{\"@type\":\"Organization\",\"@id\":\"https:\/\/kreuzeckhaus.net\/#organization\",\"name\":\"Kreuzeckhaus\",\"alternateName\":\"Kreuzeckhaus\",\"url\":\"https:\/\/kreuzeckhaus.net\/\",\"logo\":{\"@type\":\"ImageObject\",\"inLanguage\":\"de\",\"@id\":\"https:\/\/kreuzeckhaus.net\/#\/schema\/logo\/image\/\",\"url\":\"https:\/\/kreuzeckhaus.net\/wp-content\/uploads\/2024\/04\/cropped-Logo-Kreuzeckhaus.png\",\"contentUrl\":\"https:\/\/kreuzeckhaus.net\/wp-content\/uploads\/2024\/04\/cropped-Logo-Kreuzeckhaus.png\",\"width\":214,\"height\":100,\"caption\":\"Kreuzeckhaus\"},\"image\":{\"@id\":\"https:\/\/kreuzeckhaus.net\/#\/schema\/logo\/image\/\"},\"sameAs\":[\"https:\/\/www.facebook.com\/Kreuzeckhaus\"]}]}<\/script>\n<!-- \/ Yoast SEO plugin. -->","yoast_head_json":{"title":"Tourtipps &#8226; Kreuzeckhaus","robots":{"index":"index","follow":"follow","max-snippet":"max-snippet:-1","max-image-preview":"max-image-preview:large","max-video-preview":"max-video-preview:-1"},"canonical":"https:\/\/kreuzeckhaus.net\/index.php\/tourtipps\/","og_locale":"de_DE","og_type":"article","og_title":"Tourtipps &#8226; Kreuzeckhaus","og_description":"Tourentipps rund um das Kreuzeckhaus Rund um uns findest du im Sommer wie im Winter eine gro\u00dfe Auswahl an Touren \u2013 von einfachen Wegen bis hin zu anspruchsvolleren Berg- und Skitouren. Die Region bietet viele M\u00f6glichkeiten, aber jede Tour braucht eine gute Vorbereitung. Bitte achte dabei immer auf: die aktuelle Wetterlage und m\u00f6gliche schnelle Ver\u00e4nderungen, [&hellip;]","og_url":"https:\/\/kreuzeckhaus.net\/index.php\/tourtipps\/","og_site_name":"Kreuzeckhaus","article_publisher":"https:\/\/www.facebook.com\/Kreuzeckhaus","article_modified_time":"2025-12-07T13:39:52+00:00","og_image":[{"width":1731,"height":974,"url":"https:\/\/kreuzeckhaus.net\/wp-content\/uploads\/2024\/03\/Hintergrund.jpg","type":"image\/jpeg"}],"twitter_card":"summary_large_image","twitter_misc":{"Gesch\u00e4tzte Lesezeit":"1\u00a0Minute"},"schema":{"@context":"https:\/\/schema.org","@graph":[{"@type":"WebPage","@id":"https:\/\/kreuzeckhaus.net\/index.php\/tourtipps\/","url":"https:\/\/kreuzeckhaus.net\/index.php\/tourtipps\/","name":"Tourtipps &#8226; Kreuzeckhaus","isPartOf":{"@id":"https:\/\/kreuzeckhaus.net\/#website"},"datePublished":"2024-03-09T14:39:40+00:00","dateModified":"2025-12-07T13:39:52+00:00","breadcrumb":{"@id":"https:\/\/kreuzeckhaus.net\/index.php\/tourtipps\/#breadcrumb"},"inLanguage":"de","potentialAction":[{"@type":"ReadAction","target":["https:\/\/kreuzeckhaus.net\/index.php\/tourtipps\/"]}]},{"@type":"BreadcrumbList","@id":"https:\/\/kreuzeckhaus.net\/index.php\/tourtipps\/#breadcrumb","itemListElement":[{"@type":"ListItem","position":1,"name":"Startseite","item":"https:\/\/kreuzeckhaus.net\/"},{"@type":"ListItem","position":2,"name":"Tourtipps"}]},{"@type":"WebSite","@id":"https:\/\/kreuzeckhaus.net\/#website","url":"https:\/\/kreuzeckhaus.net\/","name":"Kreuzeckhaus","description":"Alles rund um das Kreuzeckhaus","publisher":{"@id":"https:\/\/kreuzeckhaus.net\/#organization"},"alternateName":"Kreuzeckhaus","potentialAction":[{"@type":"SearchAction","target":{"@type":"EntryPoint","urlTemplate":"https:\/\/kreuzeckhaus.net\/?s={search_term_string}"},"query-input":{"@type":"PropertyValueSpecification","valueRequired":true,"valueName":"search_term_string"}}],"inLanguage":"de"},{"@type":"Organization","@id":"https:\/\/kreuzeckhaus.net\/#organization","name":"Kreuzeckhaus","alternateName":"Kreuzeckhaus","url":"https:\/\/kreuzeckhaus.net\/","logo":{"@type":"ImageObject","inLanguage":"de","@id":"https:\/\/kreuzeckhaus.net\/#\/schema\/logo\/image\/","url":"https:\/\/kreuzeckhaus.net\/wp-content\/uploads\/2024\/04\/cropped-Logo-Kreuzeckhaus.png","contentUrl":"https:\/\/kreuzeckhaus.net\/wp-content\/uploads\/2024\/04\/cropped-Logo-Kreuzeckhaus.png","width":214,"height":100,"caption":"Kreuzeckhaus"},"image":{"@id":"https:\/\/kreuzeckhaus.net\/#\/schema\/logo\/image\/"},"sameAs":["https:\/\/www.facebook.com\/Kreuzeckhaus"]}]}},"_links":{"self":[{"href":"https:\/\/kreuzeckhaus.net\/index.php\/wp-json\/wp\/v2\/pages\/81","targetHints":{"allow":["GET"]}}],"collection":[{"href":"https:\/\/kreuzeckhaus.net\/index.php\/wp-json\/wp\/v2\/pages"}],"about":[{"href":"https:\/\/kreuzeckhaus.net\/index.php\/wp-json\/wp\/v2\/types\/page"}],"author":[{"embeddable":true,"href":"https:\/\/kreuzeckhaus.net\/index.php\/wp-json\/wp\/v2\/users\/1"}],"replies":[{"embeddable":true,"href":"https:\/\/kreuzeckhaus.net\/index.php\/wp-json\/wp\/v2\/comments?post=81"}],"version-history":[{"count":86,"href":"https:\/\/kreuzeckhaus.net\/index.php\/wp-json\/wp\/v2\/pages\/81\/revisions"}],"predecessor-version":[{"id":1342,"href":"https:\/\/kreuzeckhaus.net\/index.php\/wp-json\/wp\/v2\/pages\/81\/revisions\/1342"}],"wp:attachment":[{"href":"https:\/\/kreuzeckhaus.net\/index.php\/wp-json\/wp\/v2\/media?parent=81"}],"curies":[{"name":"wp","href":"https:\/\/api.w.org\/{rel}","templated":true}]}}