{"id":92,"date":"2024-03-09T14:50:04","date_gmt":"2024-03-09T14:50:04","guid":{"rendered":"https:\/\/fusion94.de\/wordpress\/?page_id=92"},"modified":"2025-12-07T14:22:14","modified_gmt":"2025-12-07T14:22:14","slug":"impressum","status":"publish","type":"page","link":"https:\/\/kreuzeckhaus.net\/index.php\/impressum\/","title":{"rendered":"Impressum"},"content":{"rendered":"\t\t<div data-elementor-type=\"wp-page\" data-elementor-id=\"92\" class=\"elementor elementor-92\">\n\t\t\t\t<div class=\"elementor-element elementor-element-7749e2e e-con-full e-flex e-con e-parent\" data-id=\"7749e2e\" data-element_type=\"container\" data-settings=\"{&quot;background_background&quot;:&quot;classic&quot;}\">\n\t\t\t\t<div class=\"elementor-element elementor-element-c1df49a elementor-widget elementor-widget-text-editor\" data-id=\"c1df49a\" data-element_type=\"widget\" data-widget_type=\"text-editor.default\">\n\t\t\t\t<div class=\"elementor-widget-container\">\n\t\t\t\t\t\t\t<div class=\"\" data-mesh-id=\"comp-lbexmr4v1inlineContent\" data-testid=\"inline-content\"><div data-mesh-id=\"comp-lbexmr4v1inlineContent-gridContainer\" data-testid=\"mesh-container-content\"><div id=\"comp-kwl2is3k\" class=\"KcpHeO tz5f0K comp-kwl2is3k wixui-rich-text\" data-testid=\"richTextElement\"><h1 class=\"font_2 wixui-rich-text__text\"><span class=\"wixui-rich-text__text\" style=\"color: #000000;\">Impressum<\/span><\/h1><p class=\"font_2 wixui-rich-text__text\"><span class=\"wixui-rich-text__text\" style=\"color: #000000;\"><strong>Angaben gem\u00e4\u00df \u00a7 5 TMG<\/strong><br \/><\/span><span class=\"wixui-rich-text__text\" style=\"color: #000000;\"><br \/>Katrin R\u00f6del<br \/><\/span><span class=\"wixui-rich-text__text\" style=\"color: #000000;\">Am Kreuzeck 1<br \/><\/span><span class=\"wixui-rich-text__text\" style=\"color: #000000;\">D-82467 Garmisch-Partenkirchen<\/span><\/p><p class=\"font_8 wixui-rich-text__text\"><strong><span class=\"wixui-rich-text__text\" style=\"color: #000000;\"><br \/>Vertreten durch:<br \/><\/span><\/strong><span class=\"wixui-rich-text__text\" style=\"color: #000000;\">Katrin R\u00f6del<br \/>Kontakt<\/span><\/p><p class=\"font_2 wixui-rich-text__text\"><span class=\"wixui-rich-text__text\" style=\"color: #000000;\">Telefon: +49 (0) 8821 2202<\/span><\/p><p class=\"font_2 wixui-rich-text__text\"><span class=\"wixui-rich-text__text\" style=\"color: #000000;\"><span class=\"wixGuard wixui-rich-text__text\">\u200b<\/span><\/span><span class=\"wixui-rich-text__text\" style=\"color: #000000;\">E-Mail: <a class=\"wixui-rich-text__text\" style=\"color: #000000;\" href=\"mailto:info@kreuzeckhaus.de\" data-auto-recognition=\"true\">info@kreuzeckhaus.de<\/a><br \/><\/span><span class=\"wixui-rich-text__text\" style=\"color: #000000;\">Website: <a class=\"wixui-rich-text__text\" style=\"color: #000000;\" href=\"http:\/\/www.kreuzeckhaus.de\" target=\"_blank\" rel=\"noopener\" data-auto-recognition=\"true\">www.kreuzeckhaus.de<\/a><\/span><\/p><p class=\"font_2 wixui-rich-text__text\"><span class=\"wixui-rich-text__text\" style=\"color: #000000;\">\u200b<\/span><span class=\"wixui-rich-text__text\" style=\"color: #000000;\">Vertretungsberechtigte\/r Gesch\u00e4ftsf\u00fchrer\/in: Katrin R\u00f6del<\/span><span class=\"wixui-rich-text__text\" style=\"color: #000000;\">Umsatzsteueridentifikationsnummer nach \u00a7 27a USTG:<\/span><\/p><p class=\"font_2 wixui-rich-text__text\"><span class=\"wixui-rich-text__text\" style=\"color: #000000;\">USt.-ID-Nr.: DE334364789<\/span><\/p><p class=\"font_2 wixui-rich-text__text\"><span class=\"wixui-rich-text__text\" style=\"color: #000000;\"><strong>Redaktionell verantwortlich<\/strong><br class=\"wixui-rich-text__text\" \/>Katrin R\u00f6del<\/span><\/p><p class=\"font_8 wixui-rich-text__text\"><span class=\"wixui-rich-text__text\" style=\"color: #000000;\"><strong>Verbraucherstreitbeilegung\/Universalschlichtungsstelle<\/strong><br \/><\/span><span class=\"wixui-rich-text__text\" style=\"color: #000000;\">Wir sind nicht bereit oder verpflichtet, an Streitbeilegungsverfahren vor einer<br \/><\/span><span class=\"wixui-rich-text__text\" style=\"color: #000000;\">Verbraucherschlichtungsstelle teilzunehmen.<br \/><br \/><\/span><\/p><h1 class=\"font_8 wixui-rich-text__text\"><strong><span class=\"wixui-rich-text__text\" style=\"color: #000000;\">Disclaimer<\/span><\/strong><\/h1><p class=\"font_8 wixui-rich-text__text\"><strong><span class=\"wixui-rich-text__text\" style=\"color: #000000;\">Haftung f\u00fcr Inhalte<br \/><\/span><\/strong><span class=\"wixui-rich-text__text\" style=\"color: #000000;\">Als Diensteanbieter sind wir gem\u00e4\u00df \u00a7 7 Abs.1 TMG f\u00fcr eigene Inhalte auf diesen Seiten nach den allgemeinen Gesetzen verantwortlich. Nach \u00a7\u00a7 8 bis 10 TMG sind wir als Diensteanbieter jedoch nicht verpflichtet, \u00fcbermittelte oder gespeicherte fremde Informationen zu \u00fcberwachen oder nach Umst\u00e4nden zu forschen, die auf eine rechtswidrige T\u00e4tigkeit hinweisen.<\/span><\/p><p class=\"font_8 wixui-rich-text__text\"><span class=\"wixui-rich-text__text\" style=\"color: #000000;\">Verpflichtungen zur Entfernung oder Sperrung der Nutzung von Informationen nach den allgemeinen Gesetzen bleiben hiervon unber\u00fchrt. Eine diesbez\u00fcgliche Haftung ist jedoch erst ab dem Zeitpunkt der Kenntnis einer konkreten Rechtsverletzung m\u00f6glich. Bei Bekanntwerden von entsprechenden Rechtsverletzungen werden wir diese Inhalte umgehend entfernen.<\/span><\/p><p class=\"font_8 wixui-rich-text__text\"><strong><span class=\"wixui-rich-text__text\" style=\"color: #000000;\">Haftung f\u00fcr Links<br \/><\/span><\/strong><span class=\"wixui-rich-text__text\" style=\"color: #000000;\">Unser Angebot enth\u00e4lt Links zu externen Websites Dritter, auf deren Inhalte wir keinen Einfluss haben. Deshalb k\u00f6nnen wir f\u00fcr diese fremden Inhalte auch keine Gew\u00e4hr \u00fcbernehmen. F\u00fcr die Inhalte der verlinkten Seiten ist stets der jeweilige Anbieter oder Betreiber der Seiten verantwortlich. Die verlinkten Seiten wurden zum Zeitpunkt der Verlinkung auf m\u00f6gliche Rechtsverst\u00f6\u00dfe \u00fcberpr\u00fcft. Rechtswidrige Inhalte waren zum Zeitpunkt der Verlinkung nicht erkennbar.<\/span><\/p><p class=\"font_8 wixui-rich-text__text\"><span class=\"wixui-rich-text__text\" style=\"color: #000000;\">Eine permanente inhaltliche Kontrolle der verlinkten Seiten ist jedoch ohne konkrete Anhaltspunkte einer Rechtsverletzung nicht zumutbar. Bei Bekanntwerden von Rechtsverletzungen werden wir derartige Links umgehend entfernen.<\/span><\/p><p class=\"font_8 wixui-rich-text__text\"><strong><span class=\"wixui-rich-text__text\" style=\"color: #000000;\">Urheberrecht<br \/><\/span><\/strong><span class=\"wixui-rich-text__text\" style=\"color: #000000;\">Die durch die Seitenbetreiber erstellten Inhalte und Werke auf diesen Seiten unterliegen dem deutschen Urheberrecht. Die Vervielf\u00e4ltigung, Bearbeitung, Verbreitung und jede Art der Verwertung au\u00dferhalb der Grenzen des Urheberrechtes bed\u00fcrfen der schriftlichen Zustimmung des jeweiligen Autors bzw. Erstellers. Downloads und Kopien dieser Seite sind nur f\u00fcr den privaten, nicht kommerziellen Gebrauch gestattet.<\/span><\/p><p class=\"font_8 wixui-rich-text__text\"><span class=\"wixui-rich-text__text\" style=\"color: #000000;\">Soweit die Inhalte auf dieser Seite nicht vom Betreiber erstellt wurden, werden die Urheberrechte Dritter beachtet. Insbesondere werden Inhalte Dritter als solche gekennzeichnet. Sollten Sie trotzdem auf eine Urheberrechtsverletzung aufmerksam werden, bitten wir um einen entsprechenden Hinweis. Bei Bekanntwerden von Rechtsverletzungen werden wir derartige Inhalte umgehend entfernen.<\/span><\/p><p class=\"font_2 wixui-rich-text__text\"><br class=\"wixui-rich-text__text\" \/><br class=\"wixui-rich-text__text\" \/><span class=\"wixui-rich-text__text\" style=\"color: #000000;\">Quelle:<br class=\"wixui-rich-text__text\" \/><a class=\"wixui-rich-text__text\" style=\"color: #000000;\" href=\"http:\/\/www.e-recht24.de\/\" target=\"_blank\" rel=\"noreferrer noopener\">e-recht24.de<\/a><\/span><\/p><\/div><\/div><\/div>\t\t\t\t\t\t<\/div>\n\t\t\t\t<\/div>\n\t\t\t\t<\/div>\n\t\t\t\t<\/div>\n\t\t","protected":false},"excerpt":{"rendered":"<p>Impressum Angaben gem\u00e4\u00df \u00a7 5 TMG Katrin R\u00f6delAm Kreuzeck 1D-82467 Garmisch-Partenkirchen Vertreten durch:Katrin R\u00f6delKontakt Telefon: +49 (0) 8821 2202 \u200bE-Mail: info@kreuzeckhaus.deWebsite: www.kreuzeckhaus.de \u200bVertretungsberechtigte\/r Gesch\u00e4ftsf\u00fchrer\/in: Katrin R\u00f6delUmsatzsteueridentifikationsnummer nach \u00a7 27a USTG: USt.-ID-Nr.: DE334364789 Redaktionell verantwortlichKatrin R\u00f6del Verbraucherstreitbeilegung\/UniversalschlichtungsstelleWir sind nicht bereit oder verpflichtet, an Streitbeilegungsverfahren vor einerVerbraucherschlichtungsstelle teilzunehmen. Disclaimer Haftung f\u00fcr InhalteAls Diensteanbieter sind wir gem\u00e4\u00df \u00a7 [&hellip;]<\/p>\n","protected":false},"author":1,"featured_media":0,"parent":0,"menu_order":0,"comment_status":"closed","ping_status":"closed","template":"","meta":{"footnotes":""},"class_list":["post-92","page","type-page","status-publish","hentry"],"yoast_head":"<!-- This site is optimized with the Yoast SEO plugin v23.7 - https:\/\/yoast.com\/wordpress\/plugins\/seo\/ -->\n<title>Impressum &#8226; Kreuzeckhaus<\/title>\n<meta name=\"robots\" content=\"index, follow, max-snippet:-1, max-image-preview:large, max-video-preview:-1\" \/>\n<link rel=\"canonical\" href=\"https:\/\/kreuzeckhaus.net\/index.php\/impressum\/\" \/>\n<meta property=\"og:locale\" content=\"de_DE\" \/>\n<meta property=\"og:type\" content=\"article\" \/>\n<meta property=\"og:title\" content=\"Impressum &#8226; Kreuzeckhaus\" \/>\n<meta property=\"og:description\" content=\"Impressum Angaben gem\u00e4\u00df \u00a7 5 TMG Katrin R\u00f6delAm Kreuzeck 1D-82467 Garmisch-Partenkirchen Vertreten durch:Katrin R\u00f6delKontakt Telefon: +49 (0) 8821 2202 \u200bE-Mail: info@kreuzeckhaus.deWebsite: www.kreuzeckhaus.de \u200bVertretungsberechtigte\/r Gesch\u00e4ftsf\u00fchrer\/in: Katrin R\u00f6delUmsatzsteueridentifikationsnummer nach \u00a7 27a USTG: USt.-ID-Nr.: DE334364789 Redaktionell verantwortlichKatrin R\u00f6del Verbraucherstreitbeilegung\/UniversalschlichtungsstelleWir sind nicht bereit oder verpflichtet, an Streitbeilegungsverfahren vor einerVerbraucherschlichtungsstelle teilzunehmen. Disclaimer Haftung f\u00fcr InhalteAls Diensteanbieter sind wir gem\u00e4\u00df \u00a7 [&hellip;]\" \/>\n<meta property=\"og:url\" content=\"https:\/\/kreuzeckhaus.net\/index.php\/impressum\/\" \/>\n<meta property=\"og:site_name\" content=\"Kreuzeckhaus\" \/>\n<meta property=\"article:publisher\" content=\"https:\/\/www.facebook.com\/Kreuzeckhaus\" \/>\n<meta property=\"article:modified_time\" content=\"2025-12-07T14:22:14+00:00\" \/>\n<meta property=\"og:image\" content=\"https:\/\/kreuzeckhaus.net\/wp-content\/uploads\/2024\/03\/Hintergrund.jpg\" \/>\n\t<meta property=\"og:image:width\" content=\"1731\" \/>\n\t<meta property=\"og:image:height\" content=\"974\" \/>\n\t<meta property=\"og:image:type\" content=\"image\/jpeg\" \/>\n<meta name=\"twitter:card\" content=\"summary_large_image\" \/>\n<meta name=\"twitter:label1\" content=\"Gesch\u00e4tzte Lesezeit\" \/>\n\t<meta name=\"twitter:data1\" content=\"2\u00a0Minuten\" \/>\n<script type=\"application\/ld+json\" class=\"yoast-schema-graph\">{\"@context\":\"https:\/\/schema.org\",\"@graph\":[{\"@type\":\"WebPage\",\"@id\":\"https:\/\/kreuzeckhaus.net\/index.php\/impressum\/\",\"url\":\"https:\/\/kreuzeckhaus.net\/index.php\/impressum\/\",\"name\":\"Impressum &#8226; Kreuzeckhaus\",\"isPartOf\":{\"@id\":\"https:\/\/kreuzeckhaus.net\/#website\"},\"datePublished\":\"2024-03-09T14:50:04+00:00\",\"dateModified\":\"2025-12-07T14:22:14+00:00\",\"breadcrumb\":{\"@id\":\"https:\/\/kreuzeckhaus.net\/index.php\/impressum\/#breadcrumb\"},\"inLanguage\":\"de\",\"potentialAction\":[{\"@type\":\"ReadAction\",\"target\":[\"https:\/\/kreuzeckhaus.net\/index.php\/impressum\/\"]}]},{\"@type\":\"BreadcrumbList\",\"@id\":\"https:\/\/kreuzeckhaus.net\/index.php\/impressum\/#breadcrumb\",\"itemListElement\":[{\"@type\":\"ListItem\",\"position\":1,\"name\":\"Startseite\",\"item\":\"https:\/\/kreuzeckhaus.net\/\"},{\"@type\":\"ListItem\",\"position\":2,\"name\":\"Impressum\"}]},{\"@type\":\"WebSite\",\"@id\":\"https:\/\/kreuzeckhaus.net\/#website\",\"url\":\"https:\/\/kreuzeckhaus.net\/\",\"name\":\"Kreuzeckhaus\",\"description\":\"Alles rund um das Kreuzeckhaus\",\"publisher\":{\"@id\":\"https:\/\/kreuzeckhaus.net\/#organization\"},\"alternateName\":\"Kreuzeckhaus\",\"potentialAction\":[{\"@type\":\"SearchAction\",\"target\":{\"@type\":\"EntryPoint\",\"urlTemplate\":\"https:\/\/kreuzeckhaus.net\/?s={search_term_string}\"},\"query-input\":{\"@type\":\"PropertyValueSpecification\",\"valueRequired\":true,\"valueName\":\"search_term_string\"}}],\"inLanguage\":\"de\"},{\"@type\":\"Organization\",\"@id\":\"https:\/\/kreuzeckhaus.net\/#organization\",\"name\":\"Kreuzeckhaus\",\"alternateName\":\"Kreuzeckhaus\",\"url\":\"https:\/\/kreuzeckhaus.net\/\",\"logo\":{\"@type\":\"ImageObject\",\"inLanguage\":\"de\",\"@id\":\"https:\/\/kreuzeckhaus.net\/#\/schema\/logo\/image\/\",\"url\":\"https:\/\/kreuzeckhaus.net\/wp-content\/uploads\/2024\/04\/cropped-Logo-Kreuzeckhaus.png\",\"contentUrl\":\"https:\/\/kreuzeckhaus.net\/wp-content\/uploads\/2024\/04\/cropped-Logo-Kreuzeckhaus.png\",\"width\":214,\"height\":100,\"caption\":\"Kreuzeckhaus\"},\"image\":{\"@id\":\"https:\/\/kreuzeckhaus.net\/#\/schema\/logo\/image\/\"},\"sameAs\":[\"https:\/\/www.facebook.com\/Kreuzeckhaus\"]}]}<\/script>\n<!-- \/ Yoast SEO plugin. -->","yoast_head_json":{"title":"Impressum &#8226; Kreuzeckhaus","robots":{"index":"index","follow":"follow","max-snippet":"max-snippet:-1","max-image-preview":"max-image-preview:large","max-video-preview":"max-video-preview:-1"},"canonical":"https:\/\/kreuzeckhaus.net\/index.php\/impressum\/","og_locale":"de_DE","og_type":"article","og_title":"Impressum &#8226; Kreuzeckhaus","og_description":"Impressum Angaben gem\u00e4\u00df \u00a7 5 TMG Katrin R\u00f6delAm Kreuzeck 1D-82467 Garmisch-Partenkirchen Vertreten durch:Katrin R\u00f6delKontakt Telefon: +49 (0) 8821 2202 \u200bE-Mail: info@kreuzeckhaus.deWebsite: www.kreuzeckhaus.de \u200bVertretungsberechtigte\/r Gesch\u00e4ftsf\u00fchrer\/in: Katrin R\u00f6delUmsatzsteueridentifikationsnummer nach \u00a7 27a USTG: USt.-ID-Nr.: DE334364789 Redaktionell verantwortlichKatrin R\u00f6del Verbraucherstreitbeilegung\/UniversalschlichtungsstelleWir sind nicht bereit oder verpflichtet, an Streitbeilegungsverfahren vor einerVerbraucherschlichtungsstelle teilzunehmen. Disclaimer Haftung f\u00fcr InhalteAls Diensteanbieter sind wir gem\u00e4\u00df \u00a7 [&hellip;]","og_url":"https:\/\/kreuzeckhaus.net\/index.php\/impressum\/","og_site_name":"Kreuzeckhaus","article_publisher":"https:\/\/www.facebook.com\/Kreuzeckhaus","article_modified_time":"2025-12-07T14:22:14+00:00","og_image":[{"width":1731,"height":974,"url":"https:\/\/kreuzeckhaus.net\/wp-content\/uploads\/2024\/03\/Hintergrund.jpg","type":"image\/jpeg"}],"twitter_card":"summary_large_image","twitter_misc":{"Gesch\u00e4tzte Lesezeit":"2\u00a0Minuten"},"schema":{"@context":"https:\/\/schema.org","@graph":[{"@type":"WebPage","@id":"https:\/\/kreuzeckhaus.net\/index.php\/impressum\/","url":"https:\/\/kreuzeckhaus.net\/index.php\/impressum\/","name":"Impressum &#8226; Kreuzeckhaus","isPartOf":{"@id":"https:\/\/kreuzeckhaus.net\/#website"},"datePublished":"2024-03-09T14:50:04+00:00","dateModified":"2025-12-07T14:22:14+00:00","breadcrumb":{"@id":"https:\/\/kreuzeckhaus.net\/index.php\/impressum\/#breadcrumb"},"inLanguage":"de","potentialAction":[{"@type":"ReadAction","target":["https:\/\/kreuzeckhaus.net\/index.php\/impressum\/"]}]},{"@type":"BreadcrumbList","@id":"https:\/\/kreuzeckhaus.net\/index.php\/impressum\/#breadcrumb","itemListElement":[{"@type":"ListItem","position":1,"name":"Startseite","item":"https:\/\/kreuzeckhaus.net\/"},{"@type":"ListItem","position":2,"name":"Impressum"}]},{"@type":"WebSite","@id":"https:\/\/kreuzeckhaus.net\/#website","url":"https:\/\/kreuzeckhaus.net\/","name":"Kreuzeckhaus","description":"Alles rund um das Kreuzeckhaus","publisher":{"@id":"https:\/\/kreuzeckhaus.net\/#organization"},"alternateName":"Kreuzeckhaus","potentialAction":[{"@type":"SearchAction","target":{"@type":"EntryPoint","urlTemplate":"https:\/\/kreuzeckhaus.net\/?s={search_term_string}"},"query-input":{"@type":"PropertyValueSpecification","valueRequired":true,"valueName":"search_term_string"}}],"inLanguage":"de"},{"@type":"Organization","@id":"https:\/\/kreuzeckhaus.net\/#organization","name":"Kreuzeckhaus","alternateName":"Kreuzeckhaus","url":"https:\/\/kreuzeckhaus.net\/","logo":{"@type":"ImageObject","inLanguage":"de","@id":"https:\/\/kreuzeckhaus.net\/#\/schema\/logo\/image\/","url":"https:\/\/kreuzeckhaus.net\/wp-content\/uploads\/2024\/04\/cropped-Logo-Kreuzeckhaus.png","contentUrl":"https:\/\/kreuzeckhaus.net\/wp-content\/uploads\/2024\/04\/cropped-Logo-Kreuzeckhaus.png","width":214,"height":100,"caption":"Kreuzeckhaus"},"image":{"@id":"https:\/\/kreuzeckhaus.net\/#\/schema\/logo\/image\/"},"sameAs":["https:\/\/www.facebook.com\/Kreuzeckhaus"]}]}},"_links":{"self":[{"href":"https:\/\/kreuzeckhaus.net\/index.php\/wp-json\/wp\/v2\/pages\/92","targetHints":{"allow":["GET"]}}],"collection":[{"href":"https:\/\/kreuzeckhaus.net\/index.php\/wp-json\/wp\/v2\/pages"}],"about":[{"href":"https:\/\/kreuzeckhaus.net\/index.php\/wp-json\/wp\/v2\/types\/page"}],"author":[{"embeddable":true,"href":"https:\/\/kreuzeckhaus.net\/index.php\/wp-json\/wp\/v2\/users\/1"}],"replies":[{"embeddable":true,"href":"https:\/\/kreuzeckhaus.net\/index.php\/wp-json\/wp\/v2\/comments?post=92"}],"version-history":[{"count":2,"href":"https:\/\/kreuzeckhaus.net\/index.php\/wp-json\/wp\/v2\/pages\/92\/revisions"}],"predecessor-version":[{"id":1381,"href":"https:\/\/kreuzeckhaus.net\/index.php\/wp-json\/wp\/v2\/pages\/92\/revisions\/1381"}],"wp:attachment":[{"href":"https:\/\/kreuzeckhaus.net\/index.php\/wp-json\/wp\/v2\/media?parent=92"}],"curies":[{"name":"wp","href":"https:\/\/api.w.org\/{rel}","templated":true}]}}